{"id":2301,"date":"2021-08-18T11:37:51","date_gmt":"2021-08-18T09:37:51","guid":{"rendered":"https:\/\/edu.gemac-chemnitz.com\/group-management-buy-courses\/"},"modified":"2022-02-10T14:56:10","modified_gmt":"2022-02-10T13:56:10","slug":"gemeinsam-lernen-einschreiben","status":"publish","type":"page","link":"https:\/\/gemac-academy.com\/de\/gemeinsam-lernen-einschreiben\/","title":{"rendered":"Gemeinsam Lernen"},"content":{"rendered":"\n<h2 class=\"wp-block-heading\" id=\"gemeinsam-lernen\">Gemeinsam Lernen<\/h2>\n\n\n\n<p>M\u00f6chten Sie gemeinsam einen Kurs belegen? M\u00f6chten Sie Mitarbeiter und Auszubildende schulen und \u00dcberblick \u00fcber deren Fortschritte behalten? <br>Hier k\u00f6nnen Sie eine Lerngruppe erstellen.<br>Der Besteller wird automatisch als Gruppenleiter festgelegt. Er kann die Teilnehmer der Gruppe verwalten, die Lernfortschritte kontrollieren und bekommt Zugang zu Private Sessions um mit seinen Gruppenmitgliedern direkt kommunizieren zu k\u00f6nnen. <\/p>\n\n\n\n<p>Der Gruppenleiter ist automatisch auch Teilnehmer der Gruppe, belegt also selbst einen Platz. Der Platz kann manuell ger\u00e4umt werden, wodurch der Zugang zu den Lerninhalten verloren geht. Zus\u00e4tzliche Gruppenleiter k\u00f6nnen ernannt werden.<\/p>\n\n\n\n<p>Zus\u00e4tzliche Kurse und weitere Teilnehmer k\u00f6nnen in der Gruppenverwaltung nachbestellt werden.<\/p>\n\n\n\n<div style=\"height:50px\" aria-hidden=\"true\" class=\"wp-block-spacer\"><\/div>\n\n\n\n<form id=\"uo-groups-buy-courses\" class=\"buy-courses-form\" method=\"POST\"\n\t  data-bulk-discount='{\"enabled\":\"yes\",\"discounts\":{\"1\":{\"qty\":\"2\",\"percent\":\"10\"},\"2\":{\"qty\":\"5\",\"percent\":\"15\"},\"3\":{\"qty\":\"10\",\"percent\":\"20\"}}}'>\n\n\t\n\t\n\t<input type=\"hidden\" id=\"_custom_buy_courses\" name=\"_custom_buy_courses\" value=\"1b107481f1\" \/><input type=\"hidden\" name=\"_wp_http_referer\" value=\"\/de\/wp-json\/wp\/v2\/pages\/2301\" \/>\n\t\n\t\t\t<!-- Group data -->\n\t\t\t<div id=\"uo-groups-buy--group-data\" class=\"uo-groups-section\">\n\t\t\t\t<div id=\"uo-groups-buy-courses-data\" class=\"uo-row\">\n\t\t\t\t\t<div class=\"uo-groups-section-header\">\n\t\t\t\t\t\t<h3>Gruppe<\/h3>\n\t\t\t\t\t<\/div>\n\n\t\t\t\t\t\n\t\t\t\t\t<div class=\"uo-groups-section-content \">\n\n\t\t\t\t\t\t<div class=\"uo-groups--group-data\">\n\t\t\t\t\t\t\t<!-- Group name -->\n\t\t\t\t\t\t\t<div class=\"uo-groups--group-name\">\n\t\t\t\t\t\t\t\t<div class=\"uo-groups-form-row\">\n\t\t\t\t\t\t\t\t\t<div class=\"uo-groups-form-row--title\">\n\t\t\t\t\t\t\t\t\t\tGruppen-Name\t\t\t\t\t\t\t\t\t<\/div>\n\t\t\t\t\t\t\t\t\t<div class=\"uo-groups-form-row--element\">\n\t\t\t\t\t\t\t\t\t\t<input\n\t\t\t\t\t\t\t\t\t\t\tclass=\"uo-input\"\n\t\t\t\t\t\t\t\t\t\t\ttype=\"text\"\n\t\t\t\t\t\t\t\t\t\t\tvalue=\"\"\n\t\t\t\t\t\t\t\t\t\t\tname=\"_custom_group_name\"\n\n\t\t\t\t\t\t\t\t\t\t\t\t\t\t\t\t\t\t\t\t\t\trequired=\"required\"\n\t\t\t\t\t\t\t\t\t\t>\n\t\t\t\t\t\t\t\t\t<\/div>\n\t\t\t\t\t\t\t\t\t<div class=\"uo-groups-form-row--comment\">\n\t\t\t\t\t\t\t\t\t\tGeben Sie der Gruppe f\u00fcr die Sie kurse kaufen m\u00f6chten einen Namen.\t\t\t\t\t\t\t\t\t<\/div>\n\t\t\t\t\t\t\t\t<\/div>\n\t\t\t\t\t\t\t<\/div>\n\n\t\t\t\t\t\t\t<!-- Seats -->\n\t\t\t\t\t\t\t<div class=\"uo-groups--group-seats\">\n\t\t\t\t\t\t\t\t<div class=\"uo-groups-form-row\">\n\t\t\t\t\t\t\t\t\t<div class=\"uo-groups-form-row--title\">\n\t\t\t\t\t\t\t\t\t\tBenutzer\t\t\t\t\t\t\t\t\t<\/div>\n\t\t\t\t\t\t\t\t\t<div class=\"uo-groups-form-row--element\">\n\t\t\t\t\t\t\t\t\t\t<input type=\"hidden\" name=\"ulgm_license_min_qty\"\n\t\t\t\t\t\t\t\t\t\t\t   value=\"1\">\n\t\t\t\t\t\t\t\t\t\t<input type=\"hidden\" name=\"ulgm_license_max_qty\"\n\t\t\t\t\t\t\t\t\t\t\t   value=\"99999999\">\n\t\t\t\t\t\t\t\t\t\t<input\n\t\t\t\t\t\t\t\t\t\t\tclass=\"uo-input\"\n\t\t\t\t\t\t\t\t\t\t\ttype=\"number\"\n\t\t\t\t\t\t\t\t\t\t\tvalue=\"1\"\n\t\t\t\t\t\t\t\t\t\t\tname=\"_custom_qty\"\n\t\t\t\t\t\t\t\t\t\t\tid=\"uo-groups-buy-course-field-quantity\"\n\t\t\t\t\t\t\t\t\t\t\tmin=\"1\"\n\t\t\t\t\t\t\t\t\t\t\tmax=\"99999999\"\n\t\t\t\t\t\t\t\t\t\t\trequired=\"required\"\n\t\t\t\t\t\t\t\t\t\t\t\t\t\t\t\t\t\t\t\t\t>\n\t\t\t\t\t\t\t\t\t<\/div>\n\t\t\t\t\t\t\t\t\t<div class=\"uo-groups-form-row--comment\">\n\t\t\t\t\t\t\t\t\t\tDie Anzahl der Benutzer die Zugang bekommen sollen.\t\t\t\t\t\t\t\t\t<\/div>\n\t\t\t\t\t\t\t\t<\/div>\n\t\t\t\t\t\t\t<\/div>\n\t\t\t\t\t\t<\/div>\n\n\t\t\t\t\t\t\t<div class=\"uo-groups--bulk-discount\">\n\t\t<div class=\"uo-groups-box\">\n\t\t\t<div class=\"uo-groups--bulk-discount-title\">\n\t\t\t\tRabatte\t\t\t<\/div>\n\n\t\t\t<div class=\"uo-groups-table\">\n\n\t\t\t\t<div class=\"uo-groups-table-content\">\n\n\t\t\t\t\t\t\t\t\t\t\t\t\t\t\t\t\t\t\n\t\t\t\t\t\t\t<div class=\"uo-groups-table-row\">\n\t\t\t\t\t\t\t\t<div class=\"uo-groups-table-cell\">\n\n\t\t\t\t\t\t\t\t\t2 to 4 benutzer\n\t\t\t\t\t\t\t\t\t<input type=\"hidden\" id=\"bulk-discount-1\"\n\t\t\t\t\t\t\t\t\t\t   name=\"bulk-discount-1\"\n\t\t\t\t\t\t\t\t\t\t   value=\"10\"\n\t\t\t\t\t\t\t\t\t\t   data-qty=\"2\"\/>\n\n\t\t\t\t\t\t\t\t<\/div>\n\t\t\t\t\t\t\t\t<div class=\"uo-groups-table-cell\">\n\t\t\t\t\t\t\t\t\t&#8211; 10\t\t\t\t\t\t\t\t\t%\n\t\t\t\t\t\t\t\t<\/div>\n\t\t\t\t\t\t\t<\/div>\n\n\t\t\t\t\t\t\t\t\t\t\t\t\t\t\t\t\t\t\t\t\t\t\t\t\n\t\t\t\t\t\t\t<div class=\"uo-groups-table-row\">\n\t\t\t\t\t\t\t\t<div class=\"uo-groups-table-cell\">\n\n\t\t\t\t\t\t\t\t\t5 to 9 benutzer\n\t\t\t\t\t\t\t\t\t<input type=\"hidden\" id=\"bulk-discount-2\"\n\t\t\t\t\t\t\t\t\t\t   name=\"bulk-discount-2\"\n\t\t\t\t\t\t\t\t\t\t   value=\"15\"\n\t\t\t\t\t\t\t\t\t\t   data-qty=\"5\"\/>\n\n\t\t\t\t\t\t\t\t<\/div>\n\t\t\t\t\t\t\t\t<div class=\"uo-groups-table-cell\">\n\t\t\t\t\t\t\t\t\t&#8211; 15\t\t\t\t\t\t\t\t\t%\n\t\t\t\t\t\t\t\t<\/div>\n\t\t\t\t\t\t\t<\/div>\n\n\t\t\t\t\t\t\t\t\t\t\t\t\t\t\t\t\t\t\t\t\t\t\t\t\n\t\t\t\t\t\t\t<div class=\"uo-groups-table-row\">\n\t\t\t\t\t\t\t\t<div class=\"uo-groups-table-cell\">\n\n\t\t\t\t\t\t\t\t\t+10 benutzer\n\t\t\t\t\t\t\t\t\t<input type=\"hidden\" id=\"bulk-discount-3\"\n\t\t\t\t\t\t\t\t\t\t   name=\"bulk-discount-3\"\n\t\t\t\t\t\t\t\t\t\t   value=\"20\"\n\t\t\t\t\t\t\t\t\t\t   data-qty=\"10\"\/>\n\n\t\t\t\t\t\t\t\t<\/div>\n\t\t\t\t\t\t\t\t<div class=\"uo-groups-table-cell\">\n\t\t\t\t\t\t\t\t\t&#8211; 20\t\t\t\t\t\t\t\t\t%\n\t\t\t\t\t\t\t\t<\/div>\n\t\t\t\t\t\t\t<\/div>\n\n\t\t\t\t\t\t\t\t\t\t\t\t\t\t\t\t\t\t\t\t\t\t\t\t\t\t\t\t\t\t\t\t\t\t\t\t\t\t\t\t\t\t\t\t\t\t\t\t\t\t\t\t\t\t\t\t\t\t\t\t\t\t\t\t\t\t\t\t\t\t\t\t\t\t\t\t\t\t\t\t\t\t\t\t\t\t\t\t\n\t\t\t\t<\/div>\n\t\t\t<\/div>\n\t\t<\/div>\n\t<\/div>\n\n\t\t\t\t\t<\/div>\n\t\t\t\t<\/div>\n\t\t\t<\/div>\n\n\t\t\t<!-- Select courses -->\n\t\t\t<div id=\"uo-groups-buy--courses\" class=\"uo-groups-section\">\n\t\t\t\t<div id=\"uo-groups-buy-courses-select\" class=\"uo-row\">\n\t\t\t\t\t<div class=\"uo-groups-section-header\">\n\t\t\t\t\t\t<h3>\n\t\t\t\t\t\t\tKurse\t\t\t\t\t\t<\/h3>\n\t\t\t\t\t<\/div>\n\t\t\t\t\t<div class=\"uo-groups-section-content\">\n\t\t\t\t\t\t<div class=\"uo-groups--courses\">\n\t\t\t\t\t\t\t<div class=\"uo-groups-box\">\n\t\t\t\t\t\t\t\t<div class=\"uo-groups-table\">\n\t\t\t\t\t\t\t\t\t<div class=\"uo-groups-table-header\">\n\t\t\t\t\t\t\t\t\t\tPreis\t\t\t\t\t\t\t\t\t<\/div>\n\t\t\t\t\t\t\t\t\t<div class=\"uo-groups-table-content\">\n\n\t\t\t\t\t\t\t\t\t\t\n\t\t\t\t\t\t\t\t\t\t\t<div class=\"uo-groups-table-row\"\n\t\t\t\t\t\t\t\t\t\t\t\t data-course-id=\"\"\n\t\t\t\t\t\t\t\t\t\t\t\t data-product-id=\"5621\">\n\n\t\t\t\t\t\t\t\t\t\t\t\t<div\n\t\t\t\t\t\t\t\t\t\t\t\t\tclass=\"uo-groups-table-cell uo-groups-table-name checkbox-required\">\n\t\t\t\t\t\t\t\t\t\t\t\t\t\n\t\t\t\t\t\t\t\t\t\t\t\t\t\t<label class=\"uo-checkbox\">\n\t\t\t\t\t\t\t\t\t\t\t\t\t\t\t<input type=\"checkbox\" class=\"bb-custom-check\"\n\t\t\t\t\t\t\t\t\t\t\t\t\t\t\t\t   data-price=\"49\"\n\t\t\t\t\t\t\t\t\t\t\t\t\t\t\t\t   name=\"_custom_selected_courses[]\"\n\t\t\t\t\t\t\t\t\t\t\t\t\t\t\t\t   value=\"5621\"\/>\n\t\t\t\t\t\t\t\t\t\t\t\t\t\t\t<div class=\"uo-checkmark\"><\/div>\n\t\t\t\t\t\t\t\t\t\t\t\t\t\t\t<span class=\"uo-label\">\n\t\t\t\t\t\t\t\t\t\t\t\t\t\t\t\t\t\t\tBootcamp CAN-Bus Tester 2 &#8211; Group course\t\t\t\t\t\t\t\t\t\t\t\t\t\t\t\t\t\t<\/span>\n\t\t\t\t\t\t\t\t\t\t\t\t\t\t<\/label>\n\n\t\t\t\t\t\t\t\t\t\t\t\t\t\n\t\t\t\t\t\t\t\t\t\t\t\t<\/div>\n\n\t\t\t\t\t\t\t\t\t\t\t\t<div class=\"uo-groups-table-cell uo-groups-table-price\">\n\t\t\t\t\t\t\t\t\t\t\t\t\t<span class=\"woocommerce-Price-amount amount\"><bdi>49,00&nbsp;<span class=\"woocommerce-Price-currencySymbol\">&euro;<\/span><\/bdi><\/span>\t\t\t\t\t\t\t\t\t\t\t\t<\/div>\n\n\t\t\t\t\t\t\t\t\t\t\t<\/div>\n\n\t\t\t\t\t\t\t\t\t\t\t\n\t\t\t\t\t\t\t\t\t\t\t<div class=\"uo-groups-table-row\"\n\t\t\t\t\t\t\t\t\t\t\t\t data-course-id=\"539\"\n\t\t\t\t\t\t\t\t\t\t\t\t data-product-id=\"5620\">\n\n\t\t\t\t\t\t\t\t\t\t\t\t<div\n\t\t\t\t\t\t\t\t\t\t\t\t\tclass=\"uo-groups-table-cell uo-groups-table-name checkbox-required\">\n\t\t\t\t\t\t\t\t\t\t\t\t\t\n\t\t\t\t\t\t\t\t\t\t\t\t\t\t<label class=\"uo-checkbox\">\n\t\t\t\t\t\t\t\t\t\t\t\t\t\t\t<input type=\"checkbox\" class=\"bb-custom-check\"\n\t\t\t\t\t\t\t\t\t\t\t\t\t\t\t\t   data-price=\"49\"\n\t\t\t\t\t\t\t\t\t\t\t\t\t\t\t\t   name=\"_custom_selected_courses[]\"\n\t\t\t\t\t\t\t\t\t\t\t\t\t\t\t\t   value=\"5620\"\/>\n\t\t\t\t\t\t\t\t\t\t\t\t\t\t\t<div class=\"uo-checkmark\"><\/div>\n\t\t\t\t\t\t\t\t\t\t\t\t\t\t\t<span class=\"uo-label\">\n\t\t\t\t\t\t\t\t\t\t\t\t\t\t\t\t\t\t\tBootcamp CAN-Bus Tester 2 &#8211; Gruppenkurs\t\t\t\t\t\t\t\t\t\t\t\t\t\t\t\t\t\t<\/span>\n\t\t\t\t\t\t\t\t\t\t\t\t\t\t<\/label>\n\n\t\t\t\t\t\t\t\t\t\t\t\t\t\n\t\t\t\t\t\t\t\t\t\t\t\t<\/div>\n\n\t\t\t\t\t\t\t\t\t\t\t\t<div class=\"uo-groups-table-cell uo-groups-table-price\">\n\t\t\t\t\t\t\t\t\t\t\t\t\t<span class=\"woocommerce-Price-amount amount\"><bdi>49,00&nbsp;<span class=\"woocommerce-Price-currencySymbol\">&euro;<\/span><\/bdi><\/span>\t\t\t\t\t\t\t\t\t\t\t\t<\/div>\n\n\t\t\t\t\t\t\t\t\t\t\t<\/div>\n\n\t\t\t\t\t\t\t\t\t\t\t\n\t\t\t\t\t\t\t\t\t\t\t<div class=\"uo-groups-table-row\"\n\t\t\t\t\t\t\t\t\t\t\t\t data-course-id=\"41707\"\n\t\t\t\t\t\t\t\t\t\t\t\t data-product-id=\"42534\">\n\n\t\t\t\t\t\t\t\t\t\t\t\t<div\n\t\t\t\t\t\t\t\t\t\t\t\t\tclass=\"uo-groups-table-cell uo-groups-table-name checkbox-required\">\n\t\t\t\t\t\t\t\t\t\t\t\t\t\n\t\t\t\t\t\t\t\t\t\t\t\t\t\t<label class=\"uo-checkbox\">\n\t\t\t\t\t\t\t\t\t\t\t\t\t\t\t<input type=\"checkbox\" class=\"bb-custom-check\"\n\t\t\t\t\t\t\t\t\t\t\t\t\t\t\t\t   data-price=\"49\"\n\t\t\t\t\t\t\t\t\t\t\t\t\t\t\t\t   name=\"_custom_selected_courses[]\"\n\t\t\t\t\t\t\t\t\t\t\t\t\t\t\t\t   value=\"42534\"\/>\n\t\t\t\t\t\t\t\t\t\t\t\t\t\t\t<div class=\"uo-checkmark\"><\/div>\n\t\t\t\t\t\t\t\t\t\t\t\t\t\t\t<span class=\"uo-label\">\n\t\t\t\t\t\t\t\t\t\t\t\t\t\t\t\t\t\t\tBootcamp CANtouch &#8211; Group course\t\t\t\t\t\t\t\t\t\t\t\t\t\t\t\t\t\t<\/span>\n\t\t\t\t\t\t\t\t\t\t\t\t\t\t<\/label>\n\n\t\t\t\t\t\t\t\t\t\t\t\t\t\n\t\t\t\t\t\t\t\t\t\t\t\t<\/div>\n\n\t\t\t\t\t\t\t\t\t\t\t\t<div class=\"uo-groups-table-cell uo-groups-table-price\">\n\t\t\t\t\t\t\t\t\t\t\t\t\t<span class=\"woocommerce-Price-amount amount\"><bdi>49,00&nbsp;<span class=\"woocommerce-Price-currencySymbol\">&euro;<\/span><\/bdi><\/span>\t\t\t\t\t\t\t\t\t\t\t\t<\/div>\n\n\t\t\t\t\t\t\t\t\t\t\t<\/div>\n\n\t\t\t\t\t\t\t\t\t\t\t\n\t\t\t\t\t\t\t\t\t\t\t<div class=\"uo-groups-table-row\"\n\t\t\t\t\t\t\t\t\t\t\t\t data-course-id=\"9595\"\n\t\t\t\t\t\t\t\t\t\t\t\t data-product-id=\"42533\">\n\n\t\t\t\t\t\t\t\t\t\t\t\t<div\n\t\t\t\t\t\t\t\t\t\t\t\t\tclass=\"uo-groups-table-cell uo-groups-table-name checkbox-required\">\n\t\t\t\t\t\t\t\t\t\t\t\t\t\n\t\t\t\t\t\t\t\t\t\t\t\t\t\t<label class=\"uo-checkbox\">\n\t\t\t\t\t\t\t\t\t\t\t\t\t\t\t<input type=\"checkbox\" class=\"bb-custom-check\"\n\t\t\t\t\t\t\t\t\t\t\t\t\t\t\t\t   data-price=\"49\"\n\t\t\t\t\t\t\t\t\t\t\t\t\t\t\t\t   name=\"_custom_selected_courses[]\"\n\t\t\t\t\t\t\t\t\t\t\t\t\t\t\t\t   value=\"42533\"\/>\n\t\t\t\t\t\t\t\t\t\t\t\t\t\t\t<div class=\"uo-checkmark\"><\/div>\n\t\t\t\t\t\t\t\t\t\t\t\t\t\t\t<span class=\"uo-label\">\n\t\t\t\t\t\t\t\t\t\t\t\t\t\t\t\t\t\t\tBootcamp CANtouch &#8211; Gruppenkurs\t\t\t\t\t\t\t\t\t\t\t\t\t\t\t\t\t\t<\/span>\n\t\t\t\t\t\t\t\t\t\t\t\t\t\t<\/label>\n\n\t\t\t\t\t\t\t\t\t\t\t\t\t\n\t\t\t\t\t\t\t\t\t\t\t\t<\/div>\n\n\t\t\t\t\t\t\t\t\t\t\t\t<div class=\"uo-groups-table-cell uo-groups-table-price\">\n\t\t\t\t\t\t\t\t\t\t\t\t\t<span class=\"woocommerce-Price-amount amount\"><bdi>49,00&nbsp;<span class=\"woocommerce-Price-currencySymbol\">&euro;<\/span><\/bdi><\/span>\t\t\t\t\t\t\t\t\t\t\t\t<\/div>\n\n\t\t\t\t\t\t\t\t\t\t\t<\/div>\n\n\t\t\t\t\t\t\t\t\t\t\t\n\t\t\t\t\t\t\t\t\t\t\t<div class=\"uo-groups-table-row\"\n\t\t\t\t\t\t\t\t\t\t\t\t data-course-id=\"98675\"\n\t\t\t\t\t\t\t\t\t\t\t\t data-product-id=\"104985\">\n\n\t\t\t\t\t\t\t\t\t\t\t\t<div\n\t\t\t\t\t\t\t\t\t\t\t\t\tclass=\"uo-groups-table-cell uo-groups-table-name checkbox-required\">\n\t\t\t\t\t\t\t\t\t\t\t\t\t\n\t\t\t\t\t\t\t\t\t\t\t\t\t\t<label class=\"uo-checkbox\">\n\t\t\t\t\t\t\t\t\t\t\t\t\t\t\t<input type=\"checkbox\" class=\"bb-custom-check\"\n\t\t\t\t\t\t\t\t\t\t\t\t\t\t\t\t   data-price=\"499\"\n\t\t\t\t\t\t\t\t\t\t\t\t\t\t\t\t   name=\"_custom_selected_courses[]\"\n\t\t\t\t\t\t\t\t\t\t\t\t\t\t\t\t   value=\"104985\"\/>\n\t\t\t\t\t\t\t\t\t\t\t\t\t\t\t<div class=\"uo-checkmark\"><\/div>\n\t\t\t\t\t\t\t\t\t\t\t\t\t\t\t<span class=\"uo-label\">\n\t\t\t\t\t\t\t\t\t\t\t\t\t\t\t\t\t\t\tCAN bus basics &#8211; group course\t\t\t\t\t\t\t\t\t\t\t\t\t\t\t\t\t\t<\/span>\n\t\t\t\t\t\t\t\t\t\t\t\t\t\t<\/label>\n\n\t\t\t\t\t\t\t\t\t\t\t\t\t\n\t\t\t\t\t\t\t\t\t\t\t\t<\/div>\n\n\t\t\t\t\t\t\t\t\t\t\t\t<div class=\"uo-groups-table-cell uo-groups-table-price\">\n\t\t\t\t\t\t\t\t\t\t\t\t\t<span class=\"woocommerce-Price-amount amount\"><bdi>499,00&nbsp;<span class=\"woocommerce-Price-currencySymbol\">&euro;<\/span><\/bdi><\/span>\t\t\t\t\t\t\t\t\t\t\t\t<\/div>\n\n\t\t\t\t\t\t\t\t\t\t\t<\/div>\n\n\t\t\t\t\t\t\t\t\t\t\t\n\t\t\t\t\t\t\t\t\t\t\t<div class=\"uo-groups-table-row\"\n\t\t\t\t\t\t\t\t\t\t\t\t data-course-id=\"51894\"\n\t\t\t\t\t\t\t\t\t\t\t\t data-product-id=\"102326\">\n\n\t\t\t\t\t\t\t\t\t\t\t\t<div\n\t\t\t\t\t\t\t\t\t\t\t\t\tclass=\"uo-groups-table-cell uo-groups-table-name checkbox-required\">\n\t\t\t\t\t\t\t\t\t\t\t\t\t\n\t\t\t\t\t\t\t\t\t\t\t\t\t\t<label class=\"uo-checkbox\">\n\t\t\t\t\t\t\t\t\t\t\t\t\t\t\t<input type=\"checkbox\" class=\"bb-custom-check\"\n\t\t\t\t\t\t\t\t\t\t\t\t\t\t\t\t   data-price=\"499\"\n\t\t\t\t\t\t\t\t\t\t\t\t\t\t\t\t   name=\"_custom_selected_courses[]\"\n\t\t\t\t\t\t\t\t\t\t\t\t\t\t\t\t   value=\"102326\"\/>\n\t\t\t\t\t\t\t\t\t\t\t\t\t\t\t<div class=\"uo-checkmark\"><\/div>\n\t\t\t\t\t\t\t\t\t\t\t\t\t\t\t<span class=\"uo-label\">\n\t\t\t\t\t\t\t\t\t\t\t\t\t\t\t\t\t\t\tCAN-Bus Grundlagen &#8211; Gruppenkurs\t\t\t\t\t\t\t\t\t\t\t\t\t\t\t\t\t\t<\/span>\n\t\t\t\t\t\t\t\t\t\t\t\t\t\t<\/label>\n\n\t\t\t\t\t\t\t\t\t\t\t\t\t\n\t\t\t\t\t\t\t\t\t\t\t\t<\/div>\n\n\t\t\t\t\t\t\t\t\t\t\t\t<div class=\"uo-groups-table-cell uo-groups-table-price\">\n\t\t\t\t\t\t\t\t\t\t\t\t\t<span class=\"woocommerce-Price-amount amount\"><bdi>499,00&nbsp;<span class=\"woocommerce-Price-currencySymbol\">&euro;<\/span><\/bdi><\/span>\t\t\t\t\t\t\t\t\t\t\t\t<\/div>\n\n\t\t\t\t\t\t\t\t\t\t\t<\/div>\n\n\t\t\t\t\t\t\t\t\t\t\t\t\t\t\t\t\t\t\t\t<\/div>\n\n\t\t\t\t\t\t\t\t\t\n\t\t\t\t\t\t\t\t<\/div>\n\t\t\t\t\t\t\t<\/div>\n\t\t\t\t\t\t<\/div>\n\t\t\t\t\t<\/div>\n\t\t\t\t<\/div>\n\t\t\t<\/div>\n\n\t\t\t<!-- Total -->\n\t\t\t<div id=\"uo-groups-buy--totals\"\n\t\t\t\t class=\"uo-groups-section uo-groups-buy__totals--has-bulk-discounts\">\n\t\t\t\t<div id=\"uo-groups-buy-courses-total\" class=\"uo-row\">\n\t\t\t\t\t<div class=\"uo-groups-section-content\">\n\t\t\t\t\t\t<div class=\"uo-groups--totals\">\n\t\t\t\t\t\t\t<div class=\"uo-groups-box\">\n\t\t\t\t\t\t\t\t<div class=\"uo-groups-table\">\n\t\t\t\t\t\t\t\t\t<div class=\"uo-groups-table-content\">\n\t\t\t\t\t\t\t\t\t\t<!-- Subtotal -->\n\t\t\t\t\t\t\t\t\t\t<div class=\"uo-groups-table-row uo-groups-table-row--subtotal\">\n\t\t\t\t\t\t\t\t\t\t\t<div class=\"uo-groups-table-cell uo-groups-table-name\">\n\t\t\t\t\t\t\t\t\t\t\t\t<h5>Summe<\/h5><\/div>\n\t\t\t\t\t\t\t\t\t\t<\/div>\n\t\t\t\t\t\t\t\t\t\t\n\t\t\t\t\t\t\t\t\t\t\t<!-- Subtotal -->\n\t\t\t\t\t\t\t\t\t\t\t<div class=\"uo-groups-table-row uo-groups-table-row--subtotal\">\n\t\t\t\t\t\t\t\t\t\t\t\t<div\n\t\t\t\t\t\t\t\t\t\t\t\t\tclass=\"uo-groups-table-cell uo-groups-table-name\">Zwischensumme<\/div>\n\t\t\t\t\t\t\t\t\t\t\t\t<div class=\"uo-groups-table-cell uo-groups-table-price\">\n\t\t\t\t\t\t\t\t\t\t\t\t\t<div id=\"uo-groups-buy-course-totals-subtotal\">\n\t\t\t\t\t\t\t\t\t\t\t\t\t\t<span class=\"woocommerce-Price-amount amount\"><bdi>0,00&nbsp;<span class=\"woocommerce-Price-currencySymbol\">&euro;<\/span><\/bdi><\/span>\t\t\t\t\t\t\t\t\t\t\t\t\t<\/div>\n\t\t\t\t\t\t\t\t\t\t\t\t<\/div>\n\t\t\t\t\t\t\t\t\t\t\t<\/div>\n\n\t\t\t\t\t\t\t\t\t\t\n\t\t\t\t\t\t\t\t\t\t\n\t\t\t\t\t\t\t\t\t\t\t<!-- Bulk discount -->\n\t\t\t\t\t\t\t\t\t\t\t<div class=\"uo-groups-table-row uo-groups-table-row--bulk-discount\">\n\t\t\t\t\t\t\t\t\t\t\t\t<div class=\"uo-groups-table-cell uo-groups-table-name\">\n\t\t\t\t\t\t\t\t\t\t\t\t\t<div id=\"uo-groups-buy-course-totals-discount-percentage\"><\/div>\n\t\t\t\t\t\t\t\t\t\t\t\t\tRabatt\t\t\t\t\t\t\t\t\t\t\t\t<\/div>\n\t\t\t\t\t\t\t\t\t\t\t\t<div class=\"uo-groups-table-cell uo-groups-table-price\">\n\t\t\t\t\t\t\t\t\t\t\t\t\t<div id=\"uo-groups-buy-course-totals-discount\">\n\t\t\t\t\t\t\t\t\t\t\t\t\t\t<span class=\"woocommerce-Price-amount amount\"><bdi>0,00&nbsp;<span class=\"woocommerce-Price-currencySymbol\">&euro;<\/span><\/bdi><\/span>\t\t\t\t\t\t\t\t\t\t\t\t\t<\/div>\n\t\t\t\t\t\t\t\t\t\t\t\t<\/div>\n\t\t\t\t\t\t\t\t\t\t\t<\/div>\n\n\t\t\t\t\t\t\t\t\t\t\n\t\t\t\t\t\t\t\t\t\t<!-- Total -->\n\t\t\t\t\t\t\t\t\t\t<div class=\"uo-groups-table-row uo-groups-table-row--total\">\n\t\t\t\t\t\t\t\t\t\t\t<div\n\t\t\t\t\t\t\t\t\t\t\t\tclass=\"uo-groups-table-cell uo-groups-table-name\">Gesamt<\/div>\n\t\t\t\t\t\t\t\t\t\t\t<div class=\"uo-groups-table-cell uo-groups-table-price\">\n\t\t\t\t\t\t\t\t\t\t\t\t<div id=\"uo-groups-buy-course-totals-total\">\n\t\t\t\t\t\t\t\t\t\t\t\t\t<span class=\"woocommerce-Price-amount amount\"><bdi>0,00&nbsp;<span class=\"woocommerce-Price-currencySymbol\">&euro;<\/span><\/bdi><\/span>\t\t\t\t\t\t\t\t\t\t\t\t<\/div>\n\t\t\t\t\t\t\t\t\t\t\t<\/div>\n\t\t\t\t\t\t\t\t\t\t<\/div>\n\n\t\t\t\t\t\t\t\t\t<\/div>\n\t\t\t\t\t\t\t\t<\/div>\n\n\t\t\t\t\t\t\t\t\t\t\t\t\t\t\t\t\t<div class=\"uo-groups-table--note\">\n\t\t\t\t\t\t\t\t\t\tDie Steuern werden an der Kasse berechnet.\t\t\t\t\t\t\t\t\t<\/div>\n\t\t\t\t\t\t\t\t\t\t\t\t\t\t\t<\/div>\n\t\t\t\t\t\t<\/div>\n\t\t\t\t\t<\/div>\n\t\t\t\t<\/div>\n\t\t\t<\/div>\n\n\t\t\t<!-- Maybe change this class? -->\n\t\t\t<div id=\"uo-groups-buy-course-error-notice\" class=\"uo_groups_error\"><\/div>\n\n\t\t\n\t\t<!-- Add to cart -->\n\t\t<div id=\"uo-groups-buy--add-to-cart\" class=\"uo-groups-section\">\n\t\t\t<div class=\"uo-row\">\n\n\t\t\t\t\n\t\t\t\t\t<button type=\"submit\" id=\"submit\"\n\t\t\t\t\t\t\tclass=\"uo-btn\">In den Warenkorb<\/button>\n\n\t\t\t\t\n\t\t\t<\/div>\n\t\t<\/div>\n\n\t<\/form>\n\n\n\n<p><\/p>\n","protected":false},"excerpt":{"rendered":"<p>Gemeinsam Lernen M\u00f6chten Sie gemeinsam einen Kurs belegen? M\u00f6chten Sie Mitarbeiter und Auszubildende schulen und \u00dcberblick \u00fcber deren Fortschritte behalten? Hier k\u00f6nnen Sie eine Lerngruppe erstellen.Der Besteller wird automatisch als Gruppenleiter festgelegt. Er kann die Teilnehmer der Gruppe verwalten, die Lernfortschritte kontrollieren und bekommt Zugang zu Private Sessions um mit seinen Gruppenmitgliedern direkt kommunizieren zu [&hellip;]<\/p>\n","protected":false},"author":1,"featured_media":0,"parent":0,"menu_order":0,"comment_status":"closed","ping_status":"closed","template":"","meta":{"_et_pb_use_builder":"","_et_pb_old_content":"","_et_gb_content_width":"","footnotes":""},"class_list":["post-2301","page","type-page","status-publish","hentry"],"_links":{"self":[{"href":"https:\/\/gemac-academy.com\/de\/wp-json\/wp\/v2\/pages\/2301","targetHints":{"allow":["GET"]}}],"collection":[{"href":"https:\/\/gemac-academy.com\/de\/wp-json\/wp\/v2\/pages"}],"about":[{"href":"https:\/\/gemac-academy.com\/de\/wp-json\/wp\/v2\/types\/page"}],"author":[{"embeddable":true,"href":"https:\/\/gemac-academy.com\/de\/wp-json\/wp\/v2\/users\/1"}],"replies":[{"embeddable":true,"href":"https:\/\/gemac-academy.com\/de\/wp-json\/wp\/v2\/comments?post=2301"}],"version-history":[{"count":0,"href":"https:\/\/gemac-academy.com\/de\/wp-json\/wp\/v2\/pages\/2301\/revisions"}],"wp:attachment":[{"href":"https:\/\/gemac-academy.com\/de\/wp-json\/wp\/v2\/media?parent=2301"}],"curies":[{"name":"wp","href":"https:\/\/api.w.org\/{rel}","templated":true}]}}