{"id":42533,"date":"2022-02-10T15:05:04","date_gmt":"2022-02-10T14:05:04","guid":{"rendered":"https:\/\/gemac-academy.com\/?post_type=product&#038;p=42533"},"modified":"2022-02-21T10:35:38","modified_gmt":"2022-02-21T09:35:38","slug":"cantouch-bootcamp-gruppe","status":"publish","type":"product","link":"https:\/\/gemac-academy.com\/de\/shop\/cantouch-bootcamp-gruppe\/","title":{"rendered":"Bootcamp CANtouch &#8211; Gruppenkurs"},"content":{"rendered":"<div class=\"learndash-wrapper learndash-wrap learndash-shortcode-wrap learndash-shortcode-wrap-course_content-9595_9595_0\"><div class=\"learndash user_has_no_access\" id=\"learndash_post_9595\">\t\t<div class=\"learndash-wrapper\">\n\t\t\t\t\t\t<div class=\"ld-item-list ld-lesson-list ld-course-content-9595\" data-shortcode_instance=\"{&quot;course_id&quot;:9595,&quot;post_id&quot;:9595,&quot;group_id&quot;:0,&quot;paged&quot;:1,&quot;num&quot;:4,&quot;wrapper&quot;:true,&quot;user_id&quot;:0}\">\n\t\t\t<div class=\"ld-section-heading\">\n\n\t\t\t\t\n\t\t\t\t<h2>\n\t\t\t\tKurs Inhalt\t\t\t\t<\/h2>\n\n\t\t\t\t\n\t\t\t\t<div class=\"ld-item-list-actions\" data-ld-expand-list=\"true\">\n\n\t\t\t\t\t\n\t\t\t\t\t\t\t\t\t\t\t<button\n\t\t\t\t\t\t\taria-controls=\"ld-expand-36962-container ld-expand-36974-container ld-expand-37354-container ld-expand-37535-container\"\n\t\t\t\t\t\t\taria-expanded=\"false\"\n\t\t\t\t\t\t\tclass=\"ld-expand-button ld-primary-background\"\n\t\t\t\t\t\t\tid=\"ld-expand-button-9595\"\n\t\t\t\t\t\t\tdata-ld-expands=\"ld-expand-36962-container ld-expand-36974-container ld-expand-37354-container ld-expand-37535-container\"\n\t\t\t\t\t\t\tdata-ld-expand-text=\"Alle ausklappen\"\n\t\t\t\t\t\t\tdata-ld-collapse-text=\"Alle einklappen\"\n\t\t\t\t\t\t>\n\t\t\t\t\t\t\t<span class=\"ld-icon-arrow-down ld-icon\"><\/span>\n\t\t\t\t\t\t\t<span class=\"ld-text\">Alle ausklappen<\/span>\n\n\t\t\t\t\t\t\t<span class=\"screen-reader-text\">\n\t\t\t\t\t\t\t\tLektionen\t\t\t\t\t\t\t<\/span>\n\t\t\t\t\t\t<\/button> <!--\/.ld-expand-button-->\n\t\t\t\t\t\t\n\t\t\t\t<\/div> <!--\/.ld-item-list-actions-->\n\t\t\t<\/div> <!--\/.ld-section-heading-->\n\n\t\t\t\n\t<div class=\"ld-item-list-items  ld-item-list-9595\" id=\"ld-item-list-9595\" data-ld-expand-id=\"ld-item-list-9595\" data-ld-expand-list=\"true\">\n\t\t<div class=\"ld-item-list-section-heading ld-item-section-heading-1641479953636\">\n\t\t<div class=\"ld-lesson-section-heading\" aria-role=\"heading\" aria-level=\"3\">Allgemeines<\/div>\n\t<\/div>\n\n<div\n\tclass=\"ld-item-list-item ld-item-lesson-item ld-lesson-item-36962 is_not_sample learndash-not-available learndash-incomplete ld-expandable\"\n\tid=\"ld-expand-36962\"\n\tdata-ld-expand-id=\"ld-expand-36962\"\n\t>\n\t<div class=\"ld-item-list-item-preview\">\n\t\t<div class=\"ld-tooltip\">\n\t\t\t\n\t\t\t<a\n\t\t\t\t\t\t\t\t\taria-describedby=\"ld-lesson__row-tooltip--36962\"\n\t\t\t\t\t\t\t\tclass=\"ld-item-name ld-primary-color-hover\"\n\t\t\t\thref=\"https:\/\/gemac-academy.com\/de\/courses\/cantouch-bootcamp\/lessons\/einfuehrung-3\/\"\n\t\t\t>\n\t\t\t\t<div class=\"ld-status-icon ld-status-incomplete\" role=\"img\" aria-label=\"Nicht gestartet\"><\/div>\t\t\t\t<div class=\"ld-item-title\">\n\t\t\t\t\tEinf\u00fchrung\n\t\t\t\t\t\t<span class=\"ld-item-components\">\n\n\t\t\t\t\t\t\t\t\t\t\t\t\t\t\t<span class=\"ld-item-component\">\n\t\t\t\t\t\t\t\t4 Themen\t\t\t\t\t\t\t\t<\/span>\n\t\t\t\t\t\t\t\t\n\t\t\t\t\t\t<\/span> <!--\/.ld-item-components-->\n\t\t\t\t\t\t\t\t\t\t\t\n\t\t\t\t<\/div> <!--\/.ld-item-title-->\n\t\t\t<\/a>\n\n\t\t\t\t\t\t\t<div\n\t\t\t\t\tclass=\"ld-tooltip__text\"\n\t\t\t\t\tid=\"ld-lesson__row-tooltip--36962\"\n\t\t\t\t\trole=\"tooltip\"\n\t\t\t\t>\n\t\t\t\t\tDu hast derzeit keinen Zugriff auf diesen Inhalt\t\t\t\t<\/div>\n\t\t\t\t\t<\/div>\n\n\t\t\n\t\t<div class=\"ld-item-details\">\n\t\t\t\n\t\t\t\t<button\n\t\t\t\t\taria-controls=\"ld-expand-36962-container\"\n\t\t\t\t\taria-expanded=\"false\"\n\t\t\t\t\tclass=\"ld-expand-button ld-button-alternate\"\n\t\t\t\t\tdata-ld-collapse-text=\"Einklappen\"\n\t\t\t\t\tdata-ld-expand-text=\"Erweitern\"\n\t\t\t\t\tdata-ld-expands=\"ld-expand-36962-container\"\n\t\t\t\t>\n\t\t\t\t\t<span class=\"ld-icon-arrow-down ld-icon ld-primary-background\"><\/span>\n\t\t\t\t\t<span class=\"ld-text ld-primary-color\">Erweitern<\/span>\n\n\t\t\t\t\t<span class=\"screen-reader-text\">\n\t\t\t\t\t\tEinf\u00fchrung\t\t\t\t\t<\/span>\n\t\t\t\t<\/button> <!--\/.ld-expand-button-->\n\n\t\t\t\t\t\t<\/div> <!--\/.ld-item-details-->\n\n\t\t\n\t<\/div> <!--\/.ld-item-list-item-preview-->\n\t\t\t<div\n\t\t\tclass=\"ld-item-list-item-expanded\"\n\t\t\tid=\"ld-expand-36962-container\"\n\t\t>\n\t\t\t\n<div class=\"\n\t\t\tld-table-list ld-topic-list ld-no-pagination ld-expand-36962\" id=\"ld-expand-36962\">\n\n\t<div class=\"ld-table-list-header ld-primary-background\">\n\n\t\t\n\t\t<div class=\"ld-table-list-title\">\n\t\t\t<span class=\"ld-item-icon\">\n\t\t\t\t<span class=\"ld-icon ld-icon-content\"><\/span>\n\t\t\t<\/span>\n\t\t\t<span class=\"ld-text\">\n\t\t\t\tLektion Inhalt\t\t\t<\/span>\n\t\t<\/div> <!--\/.ld-tablet-list-title-->\n\t\t<div class=\"ld-table-list-lesson-details\">\n\t\t\t\n\t\t\t\t\t\t\t\t\t\t\t\t<span class=\"ld-lesson-list-progress\">\n\t\t\t\t\t0% Abgeschlossen\t\t\t\t\t<\/span>\n\t\t\t\t\t\t\t\t\t\t\t\t\t<span class=\"ld-lesson-list-steps\">\n\t\t\t\t\t0 \/ 4 Schritten\t\t\t\t\t<\/span>\n\t\t\t\t\t\t\t\n\t\t\t\n\t\t\t\n\t\t<\/div> <!--\/.ld-table-list-lesson-details-->\n\n\t\t\n\t<\/div> <!--\/.ld-table-list-header-->\n\n\t<div class=\"ld-table-list-items ld-topic-list-36962\" id=\"ld-topic-list-36962\" data-ld-expand-list>\n\n\t\t<div class=\"ld-table-list-item ld-table-list-item-36964 \" id=\"ld-table-list-item-36964\">\n\t<a class=\"ld-table-list-item-preview ld-primary-color-hover ld-topic-row learndash-incomplete \" href=\"https:\/\/gemac-academy.com\/de\/courses\/cantouch-bootcamp\/lessons\/einfuehrung-3\/topic\/geeignete-bussysteme\/\">\n\t\t\n\t\t<div class=\"ld-status-icon ld-status-incomplete\" role=\"img\" aria-label=\"Not completed\"><\/div>\n\t\t\t\t<span class=\"ld-topic-title\">Geeignete Bussysteme<\/span> \t<\/a>\n\t<\/div> <!--\/.ld-table-list-item-->\n<div class=\"ld-table-list-item ld-table-list-item-36966 \" id=\"ld-table-list-item-36966\">\n\t<a class=\"ld-table-list-item-preview ld-primary-color-hover ld-topic-row learndash-incomplete \" href=\"https:\/\/gemac-academy.com\/de\/courses\/cantouch-bootcamp\/lessons\/einfuehrung-3\/topic\/physikalische-messungen-der-qualitaetswert\/\">\n\t\t\n\t\t<div class=\"ld-status-icon ld-status-incomplete\" role=\"img\" aria-label=\"Not completed\"><\/div>\n\t\t\t\t<span class=\"ld-topic-title\">Physikalische Messungen &#8211; der Qualit\u00e4tswert<\/span> \t<\/a>\n\t<\/div> <!--\/.ld-table-list-item-->\n<div class=\"ld-table-list-item ld-table-list-item-36968 \" id=\"ld-table-list-item-36968\">\n\t<a class=\"ld-table-list-item-preview ld-primary-color-hover ld-topic-row learndash-incomplete \" href=\"https:\/\/gemac-academy.com\/de\/courses\/cantouch-bootcamp\/lessons\/einfuehrung-3\/topic\/hardware-lieferumfang-optionales-zubehoer\/\">\n\t\t\n\t\t<div class=\"ld-status-icon ld-status-incomplete\" role=\"img\" aria-label=\"Not completed\"><\/div>\n\t\t\t\t<span class=\"ld-topic-title\">Hardware-Lieferumfang, optionales Zubeh\u00f6r<\/span> \t<\/a>\n\t<\/div> <!--\/.ld-table-list-item-->\n<div class=\"ld-table-list-item ld-table-list-item-36970 \" id=\"ld-table-list-item-36970\">\n\t<a class=\"ld-table-list-item-preview ld-primary-color-hover ld-topic-row learndash-incomplete \" href=\"https:\/\/gemac-academy.com\/de\/courses\/cantouch-bootcamp\/lessons\/einfuehrung-3\/topic\/batterie\/\">\n\t\t\n\t\t<div class=\"ld-status-icon ld-status-incomplete\" role=\"img\" aria-label=\"Not completed\"><\/div>\n\t\t\t\t<span class=\"ld-topic-title\">Batterie<\/span> \t<\/a>\n\t<\/div> <!--\/.ld-table-list-item-->\n\n\t<\/div> <!--\/.ld-table-list-items-->\n\n\t<div class=\"ld-table-list-footer\">\n\t\t\t<\/div> <!--\/.ld-table-list-footer-->\n\n<\/div> <!--\/.ld-table-list-->\n\n\t\t<\/div> <!--\/.ld-item-list-item-expanded-->\n\t<\/div> <!--\/.ld-item-list-item-->\n\t<div class=\"ld-item-list-section-heading ld-item-section-heading-1641479051203\">\n\t\t<div class=\"ld-lesson-section-heading\" aria-role=\"heading\" aria-level=\"3\">Die Messungen im Einzelnen<\/div>\n\t<\/div>\n\n<div\n\tclass=\"ld-item-list-item ld-item-lesson-item ld-lesson-item-36974 is_not_sample learndash-not-available learndash-incomplete ld-expandable\"\n\tid=\"ld-expand-36974\"\n\tdata-ld-expand-id=\"ld-expand-36974\"\n\t>\n\t<div class=\"ld-item-list-item-preview\">\n\t\t<div class=\"ld-tooltip\">\n\t\t\t\n\t\t\t<a\n\t\t\t\t\t\t\t\t\taria-describedby=\"ld-lesson__row-tooltip--36974\"\n\t\t\t\t\t\t\t\tclass=\"ld-item-name ld-primary-color-hover\"\n\t\t\t\thref=\"https:\/\/gemac-academy.com\/de\/courses\/cantouch-bootcamp\/lessons\/software-allgemein-2\/\"\n\t\t\t>\n\t\t\t\t<div class=\"ld-status-icon ld-status-incomplete\" role=\"img\" aria-label=\"Nicht gestartet\"><\/div>\t\t\t\t<div class=\"ld-item-title\">\n\t\t\t\t\tSoftware Allgemein\n\t\t\t\t\t\t<span class=\"ld-item-components\">\n\n\t\t\t\t\t\t\t\t\t\t\t\t\t\t\t<span class=\"ld-item-component\">\n\t\t\t\t\t\t\t\t5 Themen\t\t\t\t\t\t\t\t<\/span>\n\t\t\t\t\t\t\t\t\n\t\t\t\t\t\t<\/span> <!--\/.ld-item-components-->\n\t\t\t\t\t\t\t\t\t\t\t\n\t\t\t\t<\/div> <!--\/.ld-item-title-->\n\t\t\t<\/a>\n\n\t\t\t\t\t\t\t<div\n\t\t\t\t\tclass=\"ld-tooltip__text\"\n\t\t\t\t\tid=\"ld-lesson__row-tooltip--36974\"\n\t\t\t\t\trole=\"tooltip\"\n\t\t\t\t>\n\t\t\t\t\tDu hast derzeit keinen Zugriff auf diesen Inhalt\t\t\t\t<\/div>\n\t\t\t\t\t<\/div>\n\n\t\t\n\t\t<div class=\"ld-item-details\">\n\t\t\t\n\t\t\t\t<button\n\t\t\t\t\taria-controls=\"ld-expand-36974-container\"\n\t\t\t\t\taria-expanded=\"false\"\n\t\t\t\t\tclass=\"ld-expand-button ld-button-alternate\"\n\t\t\t\t\tdata-ld-collapse-text=\"Einklappen\"\n\t\t\t\t\tdata-ld-expand-text=\"Erweitern\"\n\t\t\t\t\tdata-ld-expands=\"ld-expand-36974-container\"\n\t\t\t\t>\n\t\t\t\t\t<span class=\"ld-icon-arrow-down ld-icon ld-primary-background\"><\/span>\n\t\t\t\t\t<span class=\"ld-text ld-primary-color\">Erweitern<\/span>\n\n\t\t\t\t\t<span class=\"screen-reader-text\">\n\t\t\t\t\t\tSoftware Allgemein\t\t\t\t\t<\/span>\n\t\t\t\t<\/button> <!--\/.ld-expand-button-->\n\n\t\t\t\t\t\t<\/div> <!--\/.ld-item-details-->\n\n\t\t\n\t<\/div> <!--\/.ld-item-list-item-preview-->\n\t\t\t<div\n\t\t\tclass=\"ld-item-list-item-expanded\"\n\t\t\tid=\"ld-expand-36974-container\"\n\t\t>\n\t\t\t\n<div class=\"\n\t\t\tld-table-list ld-topic-list ld-no-pagination ld-expand-36974\" id=\"ld-expand-36974\">\n\n\t<div class=\"ld-table-list-header ld-primary-background\">\n\n\t\t\n\t\t<div class=\"ld-table-list-title\">\n\t\t\t<span class=\"ld-item-icon\">\n\t\t\t\t<span class=\"ld-icon ld-icon-content\"><\/span>\n\t\t\t<\/span>\n\t\t\t<span class=\"ld-text\">\n\t\t\t\tLektion Inhalt\t\t\t<\/span>\n\t\t<\/div> <!--\/.ld-tablet-list-title-->\n\t\t<div class=\"ld-table-list-lesson-details\">\n\t\t\t\n\t\t\t\t\t\t\t\t\t\t\t\t<span class=\"ld-lesson-list-progress\">\n\t\t\t\t\t0% Abgeschlossen\t\t\t\t\t<\/span>\n\t\t\t\t\t\t\t\t\t\t\t\t\t<span class=\"ld-lesson-list-steps\">\n\t\t\t\t\t0 \/ 5 Schritten\t\t\t\t\t<\/span>\n\t\t\t\t\t\t\t\n\t\t\t\n\t\t\t\n\t\t<\/div> <!--\/.ld-table-list-lesson-details-->\n\n\t\t\n\t<\/div> <!--\/.ld-table-list-header-->\n\n\t<div class=\"ld-table-list-items ld-topic-list-36974\" id=\"ld-topic-list-36974\" data-ld-expand-list>\n\n\t\t<div class=\"ld-table-list-item ld-table-list-item-36976 \" id=\"ld-table-list-item-36976\">\n\t<a class=\"ld-table-list-item-preview ld-primary-color-hover ld-topic-row learndash-incomplete \" href=\"https:\/\/gemac-academy.com\/de\/courses\/cantouch-bootcamp\/lessons\/software-allgemein-2\/topic\/lizenzmodell-und-testzeitraum\/\">\n\t\t\n\t\t<div class=\"ld-status-icon ld-status-incomplete\" role=\"img\" aria-label=\"Not completed\"><\/div>\n\t\t\t\t<span class=\"ld-topic-title\">Lizenzmodell und Testzeitraum<\/span> \t<\/a>\n\t<\/div> <!--\/.ld-table-list-item-->\n<div class=\"ld-table-list-item ld-table-list-item-36978 \" id=\"ld-table-list-item-36978\">\n\t<a class=\"ld-table-list-item-preview ld-primary-color-hover ld-topic-row learndash-incomplete \" href=\"https:\/\/gemac-academy.com\/de\/courses\/cantouch-bootcamp\/lessons\/software-allgemein-2\/topic\/can-bus-tester-2-software\/\">\n\t\t\n\t\t<div class=\"ld-status-icon ld-status-incomplete\" role=\"img\" aria-label=\"Not completed\"><\/div>\n\t\t\t\t<span class=\"ld-topic-title\">CAN-Bus Tester 2 Software<\/span> \t<\/a>\n\t<\/div> <!--\/.ld-table-list-item-->\n<div class=\"ld-table-list-item ld-table-list-item-36981 \" id=\"ld-table-list-item-36981\">\n\t<a class=\"ld-table-list-item-preview ld-primary-color-hover ld-topic-row learndash-incomplete \" href=\"https:\/\/gemac-academy.com\/de\/courses\/cantouch-bootcamp\/lessons\/software-allgemein-2\/topic\/anschluss-am-pc\/\">\n\t\t\n\t\t<div class=\"ld-status-icon ld-status-incomplete\" role=\"img\" aria-label=\"Not completed\"><\/div>\n\t\t\t\t<span class=\"ld-topic-title\">Anschluss am PC<\/span> \t<\/a>\n\t<\/div> <!--\/.ld-table-list-item-->\n<div class=\"ld-table-list-item ld-table-list-item-37192 \" id=\"ld-table-list-item-37192\">\n\t<a class=\"ld-table-list-item-preview ld-primary-color-hover ld-topic-row learndash-incomplete \" href=\"https:\/\/gemac-academy.com\/de\/courses\/cantouch-bootcamp\/lessons\/software-allgemein-2\/topic\/editieren-von-xml-dateien\/\">\n\t\t\n\t\t<div class=\"ld-status-icon ld-status-incomplete\" role=\"img\" aria-label=\"Not completed\"><\/div>\n\t\t\t\t<span class=\"ld-topic-title\">Editieren von XML-Dateien<\/span> \t<\/a>\n\t<\/div> <!--\/.ld-table-list-item-->\n<div class=\"ld-table-list-item ld-table-list-item-37197 \" id=\"ld-table-list-item-37197\">\n\t<a class=\"ld-table-list-item-preview ld-primary-color-hover ld-topic-row learndash-incomplete \" href=\"https:\/\/gemac-academy.com\/de\/courses\/cantouch-bootcamp\/lessons\/software-allgemein-2\/topic\/softwareversion-und-update\/\">\n\t\t\n\t\t<div class=\"ld-status-icon ld-status-incomplete\" role=\"img\" aria-label=\"Not completed\"><\/div>\n\t\t\t\t<span class=\"ld-topic-title\">Softwareversion und Update<\/span> \t<\/a>\n\t<\/div> <!--\/.ld-table-list-item-->\n\n\t<\/div> <!--\/.ld-table-list-items-->\n\n\t<div class=\"ld-table-list-footer\">\n\t\t\t<\/div> <!--\/.ld-table-list-footer-->\n\n<\/div> <!--\/.ld-table-list-->\n\n\t\t<\/div> <!--\/.ld-item-list-item-expanded-->\n\t<\/div> <!--\/.ld-item-list-item-->\n\t\n<div\n\tclass=\"ld-item-list-item ld-item-lesson-item ld-lesson-item-37354 is_not_sample learndash-not-available learndash-incomplete ld-expandable\"\n\tid=\"ld-expand-37354\"\n\tdata-ld-expand-id=\"ld-expand-37354\"\n\t>\n\t<div class=\"ld-item-list-item-preview\">\n\t\t<div class=\"ld-tooltip\">\n\t\t\t\n\t\t\t<a\n\t\t\t\t\t\t\t\t\taria-describedby=\"ld-lesson__row-tooltip--37354\"\n\t\t\t\t\t\t\t\tclass=\"ld-item-name ld-primary-color-hover\"\n\t\t\t\thref=\"https:\/\/gemac-academy.com\/de\/courses\/cantouch-bootcamp\/lessons\/allgemeine-bedienung\/\"\n\t\t\t>\n\t\t\t\t<div class=\"ld-status-icon ld-status-incomplete\" role=\"img\" aria-label=\"Nicht gestartet\"><\/div>\t\t\t\t<div class=\"ld-item-title\">\n\t\t\t\t\tAllgemeine Bedienung\n\t\t\t\t\t\t<span class=\"ld-item-components\">\n\n\t\t\t\t\t\t\t\t\t\t\t\t\t\t\t<span class=\"ld-item-component\">\n\t\t\t\t\t\t\t\t3 Themen\t\t\t\t\t\t\t\t<\/span>\n\t\t\t\t\t\t\t\t\n\t\t\t\t\t\t<\/span> <!--\/.ld-item-components-->\n\t\t\t\t\t\t\t\t\t\t\t\n\t\t\t\t<\/div> <!--\/.ld-item-title-->\n\t\t\t<\/a>\n\n\t\t\t\t\t\t\t<div\n\t\t\t\t\tclass=\"ld-tooltip__text\"\n\t\t\t\t\tid=\"ld-lesson__row-tooltip--37354\"\n\t\t\t\t\trole=\"tooltip\"\n\t\t\t\t>\n\t\t\t\t\tDu hast derzeit keinen Zugriff auf diesen Inhalt\t\t\t\t<\/div>\n\t\t\t\t\t<\/div>\n\n\t\t\n\t\t<div class=\"ld-item-details\">\n\t\t\t\n\t\t\t\t<button\n\t\t\t\t\taria-controls=\"ld-expand-37354-container\"\n\t\t\t\t\taria-expanded=\"false\"\n\t\t\t\t\tclass=\"ld-expand-button ld-button-alternate\"\n\t\t\t\t\tdata-ld-collapse-text=\"Einklappen\"\n\t\t\t\t\tdata-ld-expand-text=\"Erweitern\"\n\t\t\t\t\tdata-ld-expands=\"ld-expand-37354-container\"\n\t\t\t\t>\n\t\t\t\t\t<span class=\"ld-icon-arrow-down ld-icon ld-primary-background\"><\/span>\n\t\t\t\t\t<span class=\"ld-text ld-primary-color\">Erweitern<\/span>\n\n\t\t\t\t\t<span class=\"screen-reader-text\">\n\t\t\t\t\t\tAllgemeine Bedienung\t\t\t\t\t<\/span>\n\t\t\t\t<\/button> <!--\/.ld-expand-button-->\n\n\t\t\t\t\t\t<\/div> <!--\/.ld-item-details-->\n\n\t\t\n\t<\/div> <!--\/.ld-item-list-item-preview-->\n\t\t\t<div\n\t\t\tclass=\"ld-item-list-item-expanded\"\n\t\t\tid=\"ld-expand-37354-container\"\n\t\t>\n\t\t\t\n<div class=\"\n\t\t\tld-table-list ld-topic-list ld-no-pagination ld-expand-37354\" id=\"ld-expand-37354\">\n\n\t<div class=\"ld-table-list-header ld-primary-background\">\n\n\t\t\n\t\t<div class=\"ld-table-list-title\">\n\t\t\t<span class=\"ld-item-icon\">\n\t\t\t\t<span class=\"ld-icon ld-icon-content\"><\/span>\n\t\t\t<\/span>\n\t\t\t<span class=\"ld-text\">\n\t\t\t\tLektion Inhalt\t\t\t<\/span>\n\t\t<\/div> <!--\/.ld-tablet-list-title-->\n\t\t<div class=\"ld-table-list-lesson-details\">\n\t\t\t\n\t\t\t\t\t\t\t\t\t\t\t\t<span class=\"ld-lesson-list-progress\">\n\t\t\t\t\t0% Abgeschlossen\t\t\t\t\t<\/span>\n\t\t\t\t\t\t\t\t\t\t\t\t\t<span class=\"ld-lesson-list-steps\">\n\t\t\t\t\t0 \/ 3 Schritten\t\t\t\t\t<\/span>\n\t\t\t\t\t\t\t\n\t\t\t\n\t\t\t\n\t\t<\/div> <!--\/.ld-table-list-lesson-details-->\n\n\t\t\n\t<\/div> <!--\/.ld-table-list-header-->\n\n\t<div class=\"ld-table-list-items ld-topic-list-37354\" id=\"ld-topic-list-37354\" data-ld-expand-list>\n\n\t\t<div class=\"ld-table-list-item ld-table-list-item-37360 \" id=\"ld-table-list-item-37360\">\n\t<a class=\"ld-table-list-item-preview ld-primary-color-hover ld-topic-row learndash-incomplete \" href=\"https:\/\/gemac-academy.com\/de\/courses\/cantouch-bootcamp\/lessons\/allgemeine-bedienung\/topic\/homescreen-tasten-sensoren\/\">\n\t\t\n\t\t<div class=\"ld-status-icon ld-status-incomplete\" role=\"img\" aria-label=\"Not completed\"><\/div>\n\t\t\t\t<span class=\"ld-topic-title\">Homescreen, Tasten, Sensoren<\/span> \t<\/a>\n\t<\/div> <!--\/.ld-table-list-item-->\n<div class=\"ld-table-list-item ld-table-list-item-37505 \" id=\"ld-table-list-item-37505\">\n\t<a class=\"ld-table-list-item-preview ld-primary-color-hover ld-topic-row learndash-incomplete \" href=\"https:\/\/gemac-academy.com\/de\/courses\/cantouch-bootcamp\/lessons\/allgemeine-bedienung\/topic\/controlcenter\/\">\n\t\t\n\t\t<div class=\"ld-status-icon ld-status-incomplete\" role=\"img\" aria-label=\"Not completed\"><\/div>\n\t\t\t\t<span class=\"ld-topic-title\">Controlcenter<\/span> \t<\/a>\n\t<\/div> <!--\/.ld-table-list-item-->\n<div class=\"ld-table-list-item ld-table-list-item-37537 \" id=\"ld-table-list-item-37537\">\n\t<a class=\"ld-table-list-item-preview ld-primary-color-hover ld-topic-row learndash-incomplete \" href=\"https:\/\/gemac-academy.com\/de\/courses\/cantouch-bootcamp\/lessons\/allgemeine-bedienung\/topic\/wiederkehrende-elemente\/\">\n\t\t\n\t\t<div class=\"ld-status-icon ld-status-incomplete\" role=\"img\" aria-label=\"Not completed\"><\/div>\n\t\t\t\t<span class=\"ld-topic-title\">Wiederkehrende Elemente<\/span> \t<\/a>\n\t<\/div> <!--\/.ld-table-list-item-->\n\n\t<\/div> <!--\/.ld-table-list-items-->\n\n\t<div class=\"ld-table-list-footer\">\n\t\t\t<\/div> <!--\/.ld-table-list-footer-->\n\n<\/div> <!--\/.ld-table-list-->\n\n\t\t<\/div> <!--\/.ld-item-list-item-expanded-->\n\t<\/div> <!--\/.ld-item-list-item-->\n\t\n<div\n\tclass=\"ld-item-list-item ld-item-lesson-item ld-lesson-item-37535 is_not_sample learndash-not-available learndash-incomplete ld-expandable\"\n\tid=\"ld-expand-37535\"\n\tdata-ld-expand-id=\"ld-expand-37535\"\n\t>\n\t<div class=\"ld-item-list-item-preview\">\n\t\t<div class=\"ld-tooltip\">\n\t\t\t\n\t\t\t<a\n\t\t\t\t\t\t\t\t\taria-describedby=\"ld-lesson__row-tooltip--37535\"\n\t\t\t\t\t\t\t\tclass=\"ld-item-name ld-primary-color-hover\"\n\t\t\t\thref=\"https:\/\/gemac-academy.com\/de\/courses\/cantouch-bootcamp\/lessons\/einstellungen\/\"\n\t\t\t>\n\t\t\t\t<div class=\"ld-status-icon ld-status-incomplete\" role=\"img\" aria-label=\"Nicht gestartet\"><\/div>\t\t\t\t<div class=\"ld-item-title\">\n\t\t\t\t\tEinstellungen\n\t\t\t\t\t\t<span class=\"ld-item-components\">\n\n\t\t\t\t\t\t\t\t\t\t\t\t\t\t\t<span class=\"ld-item-component\">\n\t\t\t\t\t\t\t\t3 Themen\t\t\t\t\t\t\t\t<\/span>\n\t\t\t\t\t\t\t\t\n\t\t\t\t\t\t<\/span> <!--\/.ld-item-components-->\n\t\t\t\t\t\t\t\t\t\t\t\n\t\t\t\t<\/div> <!--\/.ld-item-title-->\n\t\t\t<\/a>\n\n\t\t\t\t\t\t\t<div\n\t\t\t\t\tclass=\"ld-tooltip__text\"\n\t\t\t\t\tid=\"ld-lesson__row-tooltip--37535\"\n\t\t\t\t\trole=\"tooltip\"\n\t\t\t\t>\n\t\t\t\t\tDu hast derzeit keinen Zugriff auf diesen Inhalt\t\t\t\t<\/div>\n\t\t\t\t\t<\/div>\n\n\t\t\n\t\t<div class=\"ld-item-details\">\n\t\t\t\n\t\t\t\t<button\n\t\t\t\t\taria-controls=\"ld-expand-37535-container\"\n\t\t\t\t\taria-expanded=\"false\"\n\t\t\t\t\tclass=\"ld-expand-button ld-button-alternate\"\n\t\t\t\t\tdata-ld-collapse-text=\"Einklappen\"\n\t\t\t\t\tdata-ld-expand-text=\"Erweitern\"\n\t\t\t\t\tdata-ld-expands=\"ld-expand-37535-container\"\n\t\t\t\t>\n\t\t\t\t\t<span class=\"ld-icon-arrow-down ld-icon ld-primary-background\"><\/span>\n\t\t\t\t\t<span class=\"ld-text ld-primary-color\">Erweitern<\/span>\n\n\t\t\t\t\t<span class=\"screen-reader-text\">\n\t\t\t\t\t\tEinstellungen\t\t\t\t\t<\/span>\n\t\t\t\t<\/button> <!--\/.ld-expand-button-->\n\n\t\t\t\t\t\t<\/div> <!--\/.ld-item-details-->\n\n\t\t\n\t<\/div> <!--\/.ld-item-list-item-preview-->\n\t\t\t<div\n\t\t\tclass=\"ld-item-list-item-expanded\"\n\t\t\tid=\"ld-expand-37535-container\"\n\t\t>\n\t\t\t\n<div class=\"\n\t\t\tld-table-list ld-topic-list ld-no-pagination ld-expand-37535\" id=\"ld-expand-37535\">\n\n\t<div class=\"ld-table-list-header ld-primary-background\">\n\n\t\t\n\t\t<div class=\"ld-table-list-title\">\n\t\t\t<span class=\"ld-item-icon\">\n\t\t\t\t<span class=\"ld-icon ld-icon-content\"><\/span>\n\t\t\t<\/span>\n\t\t\t<span class=\"ld-text\">\n\t\t\t\tLektion Inhalt\t\t\t<\/span>\n\t\t<\/div> <!--\/.ld-tablet-list-title-->\n\t\t<div class=\"ld-table-list-lesson-details\">\n\t\t\t\n\t\t\t\t\t\t\t\t\t\t\t\t<span class=\"ld-lesson-list-progress\">\n\t\t\t\t\t0% Abgeschlossen\t\t\t\t\t<\/span>\n\t\t\t\t\t\t\t\t\t\t\t\t\t<span class=\"ld-lesson-list-steps\">\n\t\t\t\t\t0 \/ 3 Schritten\t\t\t\t\t<\/span>\n\t\t\t\t\t\t\t\n\t\t\t\n\t\t\t\n\t\t<\/div> <!--\/.ld-table-list-lesson-details-->\n\n\t\t\n\t<\/div> <!--\/.ld-table-list-header-->\n\n\t<div class=\"ld-table-list-items ld-topic-list-37535\" id=\"ld-topic-list-37535\" data-ld-expand-list>\n\n\t\t<div class=\"ld-table-list-item ld-table-list-item-37736 \" id=\"ld-table-list-item-37736\">\n\t<a class=\"ld-table-list-item-preview ld-primary-color-hover ld-topic-row learndash-incomplete \" href=\"https:\/\/gemac-academy.com\/de\/courses\/cantouch-bootcamp\/lessons\/einstellungen\/topic\/informationen-zum-geraet\/\">\n\t\t\n\t\t<div class=\"ld-status-icon ld-status-incomplete\" role=\"img\" aria-label=\"Not completed\"><\/div>\n\t\t\t\t<span class=\"ld-topic-title\">Informationen zum Ger\u00e4t<\/span> \t<\/a>\n\t<\/div> <!--\/.ld-table-list-item-->\n<div class=\"ld-table-list-item ld-table-list-item-37744 \" id=\"ld-table-list-item-37744\">\n\t<a class=\"ld-table-list-item-preview ld-primary-color-hover ld-topic-row learndash-incomplete \" href=\"https:\/\/gemac-academy.com\/de\/courses\/cantouch-bootcamp\/lessons\/einstellungen\/topic\/informationen-und-einstellungen-zum-projekt-projektverwaltung\/\">\n\t\t\n\t\t<div class=\"ld-status-icon ld-status-incomplete\" role=\"img\" aria-label=\"Not completed\"><\/div>\n\t\t\t\t<span class=\"ld-topic-title\">Informationen und Einstellungen zum Projekt (Projektverwaltung)<\/span> \t<\/a>\n\t<\/div> <!--\/.ld-table-list-item-->\n<div class=\"ld-table-list-item ld-table-list-item-37778 \" id=\"ld-table-list-item-37778\">\n\t<a class=\"ld-table-list-item-preview ld-primary-color-hover ld-topic-row learndash-incomplete \" href=\"https:\/\/gemac-academy.com\/de\/courses\/cantouch-bootcamp\/lessons\/einstellungen\/topic\/einstellungen-des-geraetes\/\">\n\t\t\n\t\t<div class=\"ld-status-icon ld-status-incomplete\" role=\"img\" aria-label=\"Not completed\"><\/div>\n\t\t\t\t<span class=\"ld-topic-title\">Einstellungen des Ger\u00e4tes<\/span> \t<\/a>\n\t<\/div> <!--\/.ld-table-list-item-->\n\n\t<\/div> <!--\/.ld-table-list-items-->\n\n\t<div class=\"ld-table-list-footer\">\n\t\t\t<\/div> <!--\/.ld-table-list-footer-->\n\n<\/div> <!--\/.ld-table-list-->\n\n\t\t<\/div> <!--\/.ld-item-list-item-expanded-->\n\t<\/div> <!--\/.ld-item-list-item-->\n\t<div class=\"ld-pagination ld-pagination-page-course_content_shortcode\" data-pager-nonce=\"5ae844f1b4\" data-pager-results=\"{&quot;paged&quot;:1,&quot;total_items&quot;:12,&quot;total_pages&quot;:3}\">\n\t\t\t\t\t\t<div class=\"ld-pages\">\n\t\t<a class=\"prev ld-primary-color-hover disabled\" \t\t\thref=\"\/de\/wp-json\/wp\/v2\/product\/42533?ld-courseinfo-lesson-page=1\"\n\t\t data-context=\"course_content_shortcode\" data-paged=\"1\" data-course_id=\"9595\"   class=\"disabled\"  disabled=&quot;disabled&quot;  title=\"Vorherige Seite\" aria-label=\"Vorherige Seite\">\n\t\t\t\t\t<span class=\"ld-icon-arrow-left ld-icon\"><\/span><\/a>\n\t\t\t\t<\/span>\n\t\t<span>\n\t\t1 von 3\t\t<\/span>\n\t\t\t<a class=\"next ld-primary-color-hover \" \t\t\t\thref=\"\/de\/wp-json\/wp\/v2\/product\/42533?ld-courseinfo-lesson-page=2\"\n\t\t\t data-context=\"course_content_shortcode\" data-paged=\"2\" data-course_id=\"9595\"   class=\"\"  title=\"N\u00e4chste Seite\" aria-label=\"N\u00e4chste Seite\">\n\t\t\t\t\t\t\t<span class=\"ld-icon-arrow-right ld-icon\"><\/span><\/a>\n\t\t\t\n\t\t<\/div>\n\t\t\t\t\t\t<\/div>\t<\/div> <!--\/.ld-item-list-items-->\n\n\t\t<\/div> <!--\/.ld-item-list-->\n\n\t\t\t<\/div> <!--\/.learndash-wrapper-->\n\t\t<\/div><\/div>\n","protected":false},"excerpt":{"rendered":"<div>Lernen Sie die gro\u00dfe Funktionsvielfalt des CANtouch kennen. Wir erkl\u00e4ren die Einstellungen und Messungen, geben Tipps zur Fehlersuche und dem effizienten Einsatz f\u00fcr Ihre Messaufgabe im CAN-Bus.<\/div>\n","protected":false},"featured_media":9687,"template":"","meta":{"_et_pb_use_builder":"","_et_pb_old_content":"","_et_gb_content_width":"","wds_primary_product_brand":0,"wds_primary_product_cat":0},"product_brand":[],"product_cat":[88],"product_tag":[],"class_list":{"0":"post-42533","1":"product","2":"type-product","3":"status-publish","4":"has-post-thumbnail","6":"product_cat-gemeinsam-lernen","8":"first","9":"instock","10":"virtual","11":"sold-individually","12":"taxable","13":"purchasable","14":"product-type-courses"},"_links":{"self":[{"href":"https:\/\/gemac-academy.com\/de\/wp-json\/wp\/v2\/product\/42533","targetHints":{"allow":["GET"]}}],"collection":[{"href":"https:\/\/gemac-academy.com\/de\/wp-json\/wp\/v2\/product"}],"about":[{"href":"https:\/\/gemac-academy.com\/de\/wp-json\/wp\/v2\/types\/product"}],"wp:featuredmedia":[{"embeddable":true,"href":"https:\/\/gemac-academy.com\/de\/wp-json\/wp\/v2\/media\/9687"}],"wp:attachment":[{"href":"https:\/\/gemac-academy.com\/de\/wp-json\/wp\/v2\/media?parent=42533"}],"wp:term":[{"taxonomy":"product_brand","embeddable":true,"href":"https:\/\/gemac-academy.com\/de\/wp-json\/wp\/v2\/product_brand?post=42533"},{"taxonomy":"product_cat","embeddable":true,"href":"https:\/\/gemac-academy.com\/de\/wp-json\/wp\/v2\/product_cat?post=42533"},{"taxonomy":"product_tag","embeddable":true,"href":"https:\/\/gemac-academy.com\/de\/wp-json\/wp\/v2\/product_tag?post=42533"}],"curies":[{"name":"wp","href":"https:\/\/api.w.org\/{rel}","templated":true}]}}