{"id":653,"date":"2021-05-31T15:14:33","date_gmt":"2021-05-31T13:14:33","guid":{"rendered":"https:\/\/gemacacademy.pinkyswear.digital\/s\/dev\/?post_type=product&#038;p=653"},"modified":"2025-04-15T11:48:46","modified_gmt":"2025-04-15T09:48:46","slug":"can-bus-tester-2-bootcamp","status":"publish","type":"product","link":"https:\/\/gemac-academy.com\/de\/shop\/can-bus-tester-2-bootcamp\/","title":{"rendered":"CAN-Bus Tester 2 Bootcamp"},"content":{"rendered":"<div class=\"learndash-wrapper learndash-wrap learndash-shortcode-wrap learndash-shortcode-wrap-course_content-539_539_0\"><div class=\"learndash user_has_no_access\" id=\"learndash_post_539\">\t\t<div class=\"learndash-wrapper\">\n\t\t\t\t\t\t<div class=\"ld-item-list ld-lesson-list ld-course-content-539\" data-shortcode_instance=\"{&quot;course_id&quot;:539,&quot;post_id&quot;:539,&quot;group_id&quot;:0,&quot;paged&quot;:1,&quot;num&quot;:4,&quot;wrapper&quot;:true,&quot;user_id&quot;:0}\">\n\t\t\t<div class=\"ld-section-heading\">\n\n\t\t\t\t\n\t\t\t\t<h2>\n\t\t\t\tKurs Inhalt\t\t\t\t<\/h2>\n\n\t\t\t\t\n\t\t\t\t<div class=\"ld-item-list-actions\" data-ld-expand-list=\"true\">\n\n\t\t\t\t\t\n\t\t\t\t\t\t\t\t\t\t\t<button\n\t\t\t\t\t\t\taria-controls=\"ld-expand-937-container ld-expand-999-container ld-expand-1011-container ld-expand-1017-container\"\n\t\t\t\t\t\t\taria-expanded=\"false\"\n\t\t\t\t\t\t\tclass=\"ld-expand-button ld-primary-background\"\n\t\t\t\t\t\t\tid=\"ld-expand-button-539\"\n\t\t\t\t\t\t\tdata-ld-expands=\"ld-expand-937-container ld-expand-999-container ld-expand-1011-container ld-expand-1017-container\"\n\t\t\t\t\t\t\tdata-ld-expand-text=\"Alle ausklappen\"\n\t\t\t\t\t\t\tdata-ld-collapse-text=\"Alle einklappen\"\n\t\t\t\t\t\t>\n\t\t\t\t\t\t\t<span class=\"ld-icon-arrow-down ld-icon\"><\/span>\n\t\t\t\t\t\t\t<span class=\"ld-text\">Alle ausklappen<\/span>\n\n\t\t\t\t\t\t\t<span class=\"screen-reader-text\">\n\t\t\t\t\t\t\t\tLektionen\t\t\t\t\t\t\t<\/span>\n\t\t\t\t\t\t<\/button> <!--\/.ld-expand-button-->\n\t\t\t\t\t\t\n\t\t\t\t<\/div> <!--\/.ld-item-list-actions-->\n\t\t\t<\/div> <!--\/.ld-section-heading-->\n\n\t\t\t\n\t<div class=\"ld-item-list-items  ld-item-list-539\" id=\"ld-item-list-539\" data-ld-expand-id=\"ld-item-list-539\" data-ld-expand-list=\"true\">\n\t\t<div class=\"ld-item-list-section-heading ld-item-section-heading-1622450499060\">\n\t\t<div class=\"ld-lesson-section-heading\" aria-role=\"heading\" aria-level=\"3\">Allgemeines<\/div>\n\t<\/div>\n\n<div\n\tclass=\"ld-item-list-item ld-item-lesson-item ld-lesson-item-937 is_not_sample learndash-not-available learndash-incomplete ld-expandable\"\n\tid=\"ld-expand-937\"\n\tdata-ld-expand-id=\"ld-expand-937\"\n\t>\n\t<div class=\"ld-item-list-item-preview\">\n\t\t<div class=\"ld-tooltip\">\n\t\t\t\n\t\t\t<a\n\t\t\t\t\t\t\t\t\taria-describedby=\"ld-lesson__row-tooltip--937\"\n\t\t\t\t\t\t\t\tclass=\"ld-item-name ld-primary-color-hover\"\n\t\t\t\thref=\"https:\/\/gemac-academy.com\/de\/courses\/can-bus-tester-2-bootcamp\/lessons\/einfuehrung-2\/\"\n\t\t\t>\n\t\t\t\t<div class=\"ld-status-icon ld-status-incomplete\" role=\"img\" aria-label=\"Nicht gestartet\"><\/div>\t\t\t\t<div class=\"ld-item-title\">\n\t\t\t\t\tEinf\u00fchrung\n\t\t\t\t\t\t<span class=\"ld-item-components\">\n\n\t\t\t\t\t\t\t\t\t\t\t\t\t\t\t<span class=\"ld-item-component\">\n\t\t\t\t\t\t\t\t4 Themen\t\t\t\t\t\t\t\t<\/span>\n\t\t\t\t\t\t\t\t\n\t\t\t\t\t\t<\/span> <!--\/.ld-item-components-->\n\t\t\t\t\t\t\t\t\t\t\t\n\t\t\t\t<\/div> <!--\/.ld-item-title-->\n\t\t\t<\/a>\n\n\t\t\t\t\t\t\t<div\n\t\t\t\t\tclass=\"ld-tooltip__text\"\n\t\t\t\t\tid=\"ld-lesson__row-tooltip--937\"\n\t\t\t\t\trole=\"tooltip\"\n\t\t\t\t>\n\t\t\t\t\tDu hast derzeit keinen Zugriff auf diesen Inhalt\t\t\t\t<\/div>\n\t\t\t\t\t<\/div>\n\n\t\t\n\t\t<div class=\"ld-item-details\">\n\t\t\t\n\t\t\t\t<button\n\t\t\t\t\taria-controls=\"ld-expand-937-container\"\n\t\t\t\t\taria-expanded=\"false\"\n\t\t\t\t\tclass=\"ld-expand-button ld-button-alternate\"\n\t\t\t\t\tdata-ld-collapse-text=\"Einklappen\"\n\t\t\t\t\tdata-ld-expand-text=\"Erweitern\"\n\t\t\t\t\tdata-ld-expands=\"ld-expand-937-container\"\n\t\t\t\t>\n\t\t\t\t\t<span class=\"ld-icon-arrow-down ld-icon ld-primary-background\"><\/span>\n\t\t\t\t\t<span class=\"ld-text ld-primary-color\">Erweitern<\/span>\n\n\t\t\t\t\t<span class=\"screen-reader-text\">\n\t\t\t\t\t\tEinf\u00fchrung\t\t\t\t\t<\/span>\n\t\t\t\t<\/button> <!--\/.ld-expand-button-->\n\n\t\t\t\t\t\t<\/div> <!--\/.ld-item-details-->\n\n\t\t\n\t<\/div> <!--\/.ld-item-list-item-preview-->\n\t\t\t<div\n\t\t\tclass=\"ld-item-list-item-expanded\"\n\t\t\tid=\"ld-expand-937-container\"\n\t\t>\n\t\t\t\n<div class=\"\n\t\t\tld-table-list ld-topic-list ld-no-pagination ld-expand-937\" id=\"ld-expand-937\">\n\n\t<div class=\"ld-table-list-header ld-primary-background\">\n\n\t\t\n\t\t<div class=\"ld-table-list-title\">\n\t\t\t<span class=\"ld-item-icon\">\n\t\t\t\t<span class=\"ld-icon ld-icon-content\"><\/span>\n\t\t\t<\/span>\n\t\t\t<span class=\"ld-text\">\n\t\t\t\tLektion Inhalt\t\t\t<\/span>\n\t\t<\/div> <!--\/.ld-tablet-list-title-->\n\t\t<div class=\"ld-table-list-lesson-details\">\n\t\t\t\n\t\t\t\t\t\t\t\t\t\t\t\t<span class=\"ld-lesson-list-progress\">\n\t\t\t\t\t0% Abgeschlossen\t\t\t\t\t<\/span>\n\t\t\t\t\t\t\t\t\t\t\t\t\t<span class=\"ld-lesson-list-steps\">\n\t\t\t\t\t0 \/ 4 Schritten\t\t\t\t\t<\/span>\n\t\t\t\t\t\t\t\n\t\t\t\n\t\t\t\n\t\t<\/div> <!--\/.ld-table-list-lesson-details-->\n\n\t\t\n\t<\/div> <!--\/.ld-table-list-header-->\n\n\t<div class=\"ld-table-list-items ld-topic-list-937\" id=\"ld-topic-list-937\" data-ld-expand-list>\n\n\t\t<div class=\"ld-table-list-item ld-table-list-item-989 \" id=\"ld-table-list-item-989\">\n\t<a class=\"ld-table-list-item-preview ld-primary-color-hover ld-topic-row learndash-incomplete \" href=\"https:\/\/gemac-academy.com\/de\/courses\/can-bus-tester-2-bootcamp\/lessons\/einfuehrung-2\/topic\/fuer-welche-bussysteme-ist-der-can-bus-tester-2-geeignet\/\">\n\t\t\n\t\t<div class=\"ld-status-icon ld-status-incomplete\" role=\"img\" aria-label=\"Not completed\"><\/div>\n\t\t\t\t<span class=\"ld-topic-title\">Geeignete Bussysteme<\/span> \t<\/a>\n\t<\/div> <!--\/.ld-table-list-item-->\n<div class=\"ld-table-list-item ld-table-list-item-991 \" id=\"ld-table-list-item-991\">\n\t<a class=\"ld-table-list-item-preview ld-primary-color-hover ld-topic-row learndash-incomplete \" href=\"https:\/\/gemac-academy.com\/de\/courses\/can-bus-tester-2-bootcamp\/lessons\/einfuehrung-2\/topic\/physikalische-messungen\/\">\n\t\t\n\t\t<div class=\"ld-status-icon ld-status-incomplete\" role=\"img\" aria-label=\"Not completed\"><\/div>\n\t\t\t\t<span class=\"ld-topic-title\">Physikalische Messungen &#8211; der Qualit\u00e4tswert<\/span> \t<\/a>\n\t<\/div> <!--\/.ld-table-list-item-->\n<div class=\"ld-table-list-item ld-table-list-item-993 \" id=\"ld-table-list-item-993\">\n\t<a class=\"ld-table-list-item-preview ld-primary-color-hover ld-topic-row learndash-incomplete \" href=\"https:\/\/gemac-academy.com\/de\/courses\/can-bus-tester-2-bootcamp\/lessons\/einfuehrung-2\/topic\/protokollmonitor\/\">\n\t\t\n\t\t<div class=\"ld-status-icon ld-status-incomplete\" role=\"img\" aria-label=\"Not completed\"><\/div>\n\t\t\t\t<span class=\"ld-topic-title\">Protokollmonitor<\/span> \t<\/a>\n\t<\/div> <!--\/.ld-table-list-item-->\n<div class=\"ld-table-list-item ld-table-list-item-997 \" id=\"ld-table-list-item-997\">\n\t<a class=\"ld-table-list-item-preview ld-primary-color-hover ld-topic-row learndash-incomplete \" href=\"https:\/\/gemac-academy.com\/de\/courses\/can-bus-tester-2-bootcamp\/lessons\/einfuehrung-2\/topic\/hardware-lieferumfang\/\">\n\t\t\n\t\t<div class=\"ld-status-icon ld-status-incomplete\" role=\"img\" aria-label=\"Not completed\"><\/div>\n\t\t\t\t<span class=\"ld-topic-title\">Hardware Lieferumfang<\/span> \t<\/a>\n\t<\/div> <!--\/.ld-table-list-item-->\n\n\t<\/div> <!--\/.ld-table-list-items-->\n\n\t<div class=\"ld-table-list-footer\">\n\t\t\t<\/div> <!--\/.ld-table-list-footer-->\n\n<\/div> <!--\/.ld-table-list-->\n\n\t\t<\/div> <!--\/.ld-item-list-item-expanded-->\n\t<\/div> <!--\/.ld-item-list-item-->\n\t\n<div\n\tclass=\"ld-item-list-item ld-item-lesson-item ld-lesson-item-999 is_not_sample learndash-not-available learndash-incomplete ld-expandable\"\n\tid=\"ld-expand-999\"\n\tdata-ld-expand-id=\"ld-expand-999\"\n\t>\n\t<div class=\"ld-item-list-item-preview\">\n\t\t<div class=\"ld-tooltip\">\n\t\t\t\n\t\t\t<a\n\t\t\t\t\t\t\t\t\taria-describedby=\"ld-lesson__row-tooltip--999\"\n\t\t\t\t\t\t\t\tclass=\"ld-item-name ld-primary-color-hover\"\n\t\t\t\thref=\"https:\/\/gemac-academy.com\/de\/courses\/can-bus-tester-2-bootcamp\/lessons\/software-allgemein\/\"\n\t\t\t>\n\t\t\t\t<div class=\"ld-status-icon ld-status-incomplete\" role=\"img\" aria-label=\"Nicht gestartet\"><\/div>\t\t\t\t<div class=\"ld-item-title\">\n\t\t\t\t\tSoftware Allgemein\n\t\t\t\t\t\t<span class=\"ld-item-components\">\n\n\t\t\t\t\t\t\t\t\t\t\t\t\t\t\t<span class=\"ld-item-component\">\n\t\t\t\t\t\t\t\t4 Themen\t\t\t\t\t\t\t\t<\/span>\n\t\t\t\t\t\t\t\t\n\t\t\t\t\t\t<\/span> <!--\/.ld-item-components-->\n\t\t\t\t\t\t\t\t\t\t\t\n\t\t\t\t<\/div> <!--\/.ld-item-title-->\n\t\t\t<\/a>\n\n\t\t\t\t\t\t\t<div\n\t\t\t\t\tclass=\"ld-tooltip__text\"\n\t\t\t\t\tid=\"ld-lesson__row-tooltip--999\"\n\t\t\t\t\trole=\"tooltip\"\n\t\t\t\t>\n\t\t\t\t\tDu hast derzeit keinen Zugriff auf diesen Inhalt\t\t\t\t<\/div>\n\t\t\t\t\t<\/div>\n\n\t\t\n\t\t<div class=\"ld-item-details\">\n\t\t\t\n\t\t\t\t<button\n\t\t\t\t\taria-controls=\"ld-expand-999-container\"\n\t\t\t\t\taria-expanded=\"false\"\n\t\t\t\t\tclass=\"ld-expand-button ld-button-alternate\"\n\t\t\t\t\tdata-ld-collapse-text=\"Einklappen\"\n\t\t\t\t\tdata-ld-expand-text=\"Erweitern\"\n\t\t\t\t\tdata-ld-expands=\"ld-expand-999-container\"\n\t\t\t\t>\n\t\t\t\t\t<span class=\"ld-icon-arrow-down ld-icon ld-primary-background\"><\/span>\n\t\t\t\t\t<span class=\"ld-text ld-primary-color\">Erweitern<\/span>\n\n\t\t\t\t\t<span class=\"screen-reader-text\">\n\t\t\t\t\t\tSoftware Allgemein\t\t\t\t\t<\/span>\n\t\t\t\t<\/button> <!--\/.ld-expand-button-->\n\n\t\t\t\t\t\t<\/div> <!--\/.ld-item-details-->\n\n\t\t\n\t<\/div> <!--\/.ld-item-list-item-preview-->\n\t\t\t<div\n\t\t\tclass=\"ld-item-list-item-expanded\"\n\t\t\tid=\"ld-expand-999-container\"\n\t\t>\n\t\t\t\n<div class=\"\n\t\t\tld-table-list ld-topic-list ld-no-pagination ld-expand-999\" id=\"ld-expand-999\">\n\n\t<div class=\"ld-table-list-header ld-primary-background\">\n\n\t\t\n\t\t<div class=\"ld-table-list-title\">\n\t\t\t<span class=\"ld-item-icon\">\n\t\t\t\t<span class=\"ld-icon ld-icon-content\"><\/span>\n\t\t\t<\/span>\n\t\t\t<span class=\"ld-text\">\n\t\t\t\tLektion Inhalt\t\t\t<\/span>\n\t\t<\/div> <!--\/.ld-tablet-list-title-->\n\t\t<div class=\"ld-table-list-lesson-details\">\n\t\t\t\n\t\t\t\t\t\t\t\t\t\t\t\t<span class=\"ld-lesson-list-progress\">\n\t\t\t\t\t0% Abgeschlossen\t\t\t\t\t<\/span>\n\t\t\t\t\t\t\t\t\t\t\t\t\t<span class=\"ld-lesson-list-steps\">\n\t\t\t\t\t0 \/ 4 Schritten\t\t\t\t\t<\/span>\n\t\t\t\t\t\t\t\n\t\t\t\n\t\t\t\n\t\t<\/div> <!--\/.ld-table-list-lesson-details-->\n\n\t\t\n\t<\/div> <!--\/.ld-table-list-header-->\n\n\t<div class=\"ld-table-list-items ld-topic-list-999\" id=\"ld-topic-list-999\" data-ld-expand-list>\n\n\t\t<div class=\"ld-table-list-item ld-table-list-item-1003 \" id=\"ld-table-list-item-1003\">\n\t<a class=\"ld-table-list-item-preview ld-primary-color-hover ld-topic-row learndash-incomplete \" href=\"https:\/\/gemac-academy.com\/de\/courses\/can-bus-tester-2-bootcamp\/lessons\/software-allgemein\/topic\/lizenzmodell\/\">\n\t\t\n\t\t<div class=\"ld-status-icon ld-status-incomplete\" role=\"img\" aria-label=\"Not completed\"><\/div>\n\t\t\t\t<span class=\"ld-topic-title\">Lizenzmodell<\/span> \t<\/a>\n\t<\/div> <!--\/.ld-table-list-item-->\n<div class=\"ld-table-list-item ld-table-list-item-1445 \" id=\"ld-table-list-item-1445\">\n\t<a class=\"ld-table-list-item-preview ld-primary-color-hover ld-topic-row learndash-incomplete \" href=\"https:\/\/gemac-academy.com\/de\/courses\/can-bus-tester-2-bootcamp\/lessons\/software-allgemein\/topic\/installation-der-software\/\">\n\t\t\n\t\t<div class=\"ld-status-icon ld-status-incomplete\" role=\"img\" aria-label=\"Not completed\"><\/div>\n\t\t\t\t<span class=\"ld-topic-title\">Installation der Software<\/span> \t<\/a>\n\t<\/div> <!--\/.ld-table-list-item-->\n<div class=\"ld-table-list-item ld-table-list-item-1009 \" id=\"ld-table-list-item-1009\">\n\t<a class=\"ld-table-list-item-preview ld-primary-color-hover ld-topic-row learndash-incomplete \" href=\"https:\/\/gemac-academy.com\/de\/courses\/can-bus-tester-2-bootcamp\/lessons\/software-allgemein\/topic\/anschluss-des-can-bus-tester-2-am-pc\/\">\n\t\t\n\t\t<div class=\"ld-status-icon ld-status-incomplete\" role=\"img\" aria-label=\"Not completed\"><\/div>\n\t\t\t\t<span class=\"ld-topic-title\">Anschluss des CAN-Bus Tester 2 am PC<\/span> \t<\/a>\n\t<\/div> <!--\/.ld-table-list-item-->\n<div class=\"ld-table-list-item ld-table-list-item-1012 \" id=\"ld-table-list-item-1012\">\n\t<a class=\"ld-table-list-item-preview ld-primary-color-hover ld-topic-row learndash-incomplete \" href=\"https:\/\/gemac-academy.com\/de\/courses\/can-bus-tester-2-bootcamp\/lessons\/software-allgemein\/topic\/das-hauptprogramm-fenster-2\/\">\n\t\t\n\t\t<div class=\"ld-status-icon ld-status-incomplete\" role=\"img\" aria-label=\"Not completed\"><\/div>\n\t\t\t\t<span class=\"ld-topic-title\">Das Hauptprogramm-Fenster<\/span> \t<\/a>\n\t<\/div> <!--\/.ld-table-list-item-->\n\n\t<\/div> <!--\/.ld-table-list-items-->\n\n\t<div class=\"ld-table-list-footer\">\n\t\t\t<\/div> <!--\/.ld-table-list-footer-->\n\n<\/div> <!--\/.ld-table-list-->\n\n\t\t<\/div> <!--\/.ld-item-list-item-expanded-->\n\t<\/div> <!--\/.ld-item-list-item-->\n\t<div class=\"ld-item-list-section-heading ld-item-section-heading-1624610908799\">\n\t\t<div class=\"ld-lesson-section-heading\" aria-role=\"heading\" aria-level=\"3\">Vorbereitung einer Messung<\/div>\n\t<\/div>\n\n<div\n\tclass=\"ld-item-list-item ld-item-lesson-item ld-lesson-item-1011 is_not_sample learndash-not-available learndash-incomplete ld-expandable\"\n\tid=\"ld-expand-1011\"\n\tdata-ld-expand-id=\"ld-expand-1011\"\n\t>\n\t<div class=\"ld-item-list-item-preview\">\n\t\t<div class=\"ld-tooltip\">\n\t\t\t\n\t\t\t<a\n\t\t\t\t\t\t\t\t\taria-describedby=\"ld-lesson__row-tooltip--1011\"\n\t\t\t\t\t\t\t\tclass=\"ld-item-name ld-primary-color-hover\"\n\t\t\t\thref=\"https:\/\/gemac-academy.com\/de\/courses\/can-bus-tester-2-bootcamp\/lessons\/vorbereitungen-der-hardware-messaufbau\/\"\n\t\t\t>\n\t\t\t\t<div class=\"ld-status-icon ld-status-incomplete\" role=\"img\" aria-label=\"Nicht gestartet\"><\/div>\t\t\t\t<div class=\"ld-item-title\">\n\t\t\t\t\tVorbereitungen der Hardware, Messaufbau\n\t\t\t\t\t\t<span class=\"ld-item-components\">\n\n\t\t\t\t\t\t\t\t\t\t\t\t\t\t\t<span class=\"ld-item-component\">\n\t\t\t\t\t\t\t\t1 Thema\t\t\t\t\t\t\t\t<\/span>\n\t\t\t\t\t\t\t\t\n\t\t\t\t\t\t<\/span> <!--\/.ld-item-components-->\n\t\t\t\t\t\t\t\t\t\t\t\n\t\t\t\t<\/div> <!--\/.ld-item-title-->\n\t\t\t<\/a>\n\n\t\t\t\t\t\t\t<div\n\t\t\t\t\tclass=\"ld-tooltip__text\"\n\t\t\t\t\tid=\"ld-lesson__row-tooltip--1011\"\n\t\t\t\t\trole=\"tooltip\"\n\t\t\t\t>\n\t\t\t\t\tDu hast derzeit keinen Zugriff auf diesen Inhalt\t\t\t\t<\/div>\n\t\t\t\t\t<\/div>\n\n\t\t\n\t\t<div class=\"ld-item-details\">\n\t\t\t\n\t\t\t\t<button\n\t\t\t\t\taria-controls=\"ld-expand-1011-container\"\n\t\t\t\t\taria-expanded=\"false\"\n\t\t\t\t\tclass=\"ld-expand-button ld-button-alternate\"\n\t\t\t\t\tdata-ld-collapse-text=\"Einklappen\"\n\t\t\t\t\tdata-ld-expand-text=\"Erweitern\"\n\t\t\t\t\tdata-ld-expands=\"ld-expand-1011-container\"\n\t\t\t\t>\n\t\t\t\t\t<span class=\"ld-icon-arrow-down ld-icon ld-primary-background\"><\/span>\n\t\t\t\t\t<span class=\"ld-text ld-primary-color\">Erweitern<\/span>\n\n\t\t\t\t\t<span class=\"screen-reader-text\">\n\t\t\t\t\t\tVorbereitungen der Hardware, Messaufbau\t\t\t\t\t<\/span>\n\t\t\t\t<\/button> <!--\/.ld-expand-button-->\n\n\t\t\t\t\t\t<\/div> <!--\/.ld-item-details-->\n\n\t\t\n\t<\/div> <!--\/.ld-item-list-item-preview-->\n\t\t\t<div\n\t\t\tclass=\"ld-item-list-item-expanded\"\n\t\t\tid=\"ld-expand-1011-container\"\n\t\t>\n\t\t\t\n<div class=\"\n\t\t\tld-table-list ld-topic-list ld-no-pagination ld-expand-1011\" id=\"ld-expand-1011\">\n\n\t<div class=\"ld-table-list-header ld-primary-background\">\n\n\t\t\n\t\t<div class=\"ld-table-list-title\">\n\t\t\t<span class=\"ld-item-icon\">\n\t\t\t\t<span class=\"ld-icon ld-icon-content\"><\/span>\n\t\t\t<\/span>\n\t\t\t<span class=\"ld-text\">\n\t\t\t\tLektion Inhalt\t\t\t<\/span>\n\t\t<\/div> <!--\/.ld-tablet-list-title-->\n\t\t<div class=\"ld-table-list-lesson-details\">\n\t\t\t\n\t\t\t\t\t\t\t\t\t\t\t\t<span class=\"ld-lesson-list-progress\">\n\t\t\t\t\t0% Abgeschlossen\t\t\t\t\t<\/span>\n\t\t\t\t\t\t\t\t\t\t\t\t\t<span class=\"ld-lesson-list-steps\">\n\t\t\t\t\t0 \/ 1 Schritten\t\t\t\t\t<\/span>\n\t\t\t\t\t\t\t\n\t\t\t\n\t\t\t\n\t\t<\/div> <!--\/.ld-table-list-lesson-details-->\n\n\t\t\n\t<\/div> <!--\/.ld-table-list-header-->\n\n\t<div class=\"ld-table-list-items ld-topic-list-1011\" id=\"ld-topic-list-1011\" data-ld-expand-list>\n\n\t\t<div class=\"ld-table-list-item ld-table-list-item-1015 \" id=\"ld-table-list-item-1015\">\n\t<a class=\"ld-table-list-item-preview ld-primary-color-hover ld-topic-row learndash-incomplete \" href=\"https:\/\/gemac-academy.com\/de\/courses\/can-bus-tester-2-bootcamp\/lessons\/vorbereitungen-der-hardware-messaufbau\/topic\/anschluesse-des-geraetes-messaufbau-2\/\">\n\t\t\n\t\t<div class=\"ld-status-icon ld-status-incomplete\" role=\"img\" aria-label=\"Not completed\"><\/div>\n\t\t\t\t<span class=\"ld-topic-title\">Anschl\u00fcsse des Ger\u00e4tes, Messaufbau<\/span> \t<\/a>\n\t<\/div> <!--\/.ld-table-list-item-->\n\n\t<\/div> <!--\/.ld-table-list-items-->\n\n\t<div class=\"ld-table-list-footer\">\n\t\t\t<\/div> <!--\/.ld-table-list-footer-->\n\n<\/div> <!--\/.ld-table-list-->\n\n\t\t<\/div> <!--\/.ld-item-list-item-expanded-->\n\t<\/div> <!--\/.ld-item-list-item-->\n\t\n<div\n\tclass=\"ld-item-list-item ld-item-lesson-item ld-lesson-item-1017 is_not_sample learndash-not-available learndash-incomplete ld-expandable\"\n\tid=\"ld-expand-1017\"\n\tdata-ld-expand-id=\"ld-expand-1017\"\n\t>\n\t<div class=\"ld-item-list-item-preview\">\n\t\t<div class=\"ld-tooltip\">\n\t\t\t\n\t\t\t<a\n\t\t\t\t\t\t\t\t\taria-describedby=\"ld-lesson__row-tooltip--1017\"\n\t\t\t\t\t\t\t\tclass=\"ld-item-name ld-primary-color-hover\"\n\t\t\t\thref=\"https:\/\/gemac-academy.com\/de\/courses\/can-bus-tester-2-bootcamp\/lessons\/vorbereitungen-in-der-software\/\"\n\t\t\t>\n\t\t\t\t<div class=\"ld-status-icon ld-status-incomplete\" role=\"img\" aria-label=\"Nicht gestartet\"><\/div>\t\t\t\t<div class=\"ld-item-title\">\n\t\t\t\t\tVorbereitungen in der Software\n\t\t\t\t\t\t<span class=\"ld-item-components\">\n\n\t\t\t\t\t\t\t\t\t\t\t\t\t\t\t<span class=\"ld-item-component\">\n\t\t\t\t\t\t\t\t1 Thema\t\t\t\t\t\t\t\t<\/span>\n\t\t\t\t\t\t\t\t\n\t\t\t\t\t\t<\/span> <!--\/.ld-item-components-->\n\t\t\t\t\t\t\t\t\t\t\t\n\t\t\t\t<\/div> <!--\/.ld-item-title-->\n\t\t\t<\/a>\n\n\t\t\t\t\t\t\t<div\n\t\t\t\t\tclass=\"ld-tooltip__text\"\n\t\t\t\t\tid=\"ld-lesson__row-tooltip--1017\"\n\t\t\t\t\trole=\"tooltip\"\n\t\t\t\t>\n\t\t\t\t\tDu hast derzeit keinen Zugriff auf diesen Inhalt\t\t\t\t<\/div>\n\t\t\t\t\t<\/div>\n\n\t\t\n\t\t<div class=\"ld-item-details\">\n\t\t\t\n\t\t\t\t<button\n\t\t\t\t\taria-controls=\"ld-expand-1017-container\"\n\t\t\t\t\taria-expanded=\"false\"\n\t\t\t\t\tclass=\"ld-expand-button ld-button-alternate\"\n\t\t\t\t\tdata-ld-collapse-text=\"Einklappen\"\n\t\t\t\t\tdata-ld-expand-text=\"Erweitern\"\n\t\t\t\t\tdata-ld-expands=\"ld-expand-1017-container\"\n\t\t\t\t>\n\t\t\t\t\t<span class=\"ld-icon-arrow-down ld-icon ld-primary-background\"><\/span>\n\t\t\t\t\t<span class=\"ld-text ld-primary-color\">Erweitern<\/span>\n\n\t\t\t\t\t<span class=\"screen-reader-text\">\n\t\t\t\t\t\tVorbereitungen in der Software\t\t\t\t\t<\/span>\n\t\t\t\t<\/button> <!--\/.ld-expand-button-->\n\n\t\t\t\t\t\t<\/div> <!--\/.ld-item-details-->\n\n\t\t\n\t<\/div> <!--\/.ld-item-list-item-preview-->\n\t\t\t<div\n\t\t\tclass=\"ld-item-list-item-expanded\"\n\t\t\tid=\"ld-expand-1017-container\"\n\t\t>\n\t\t\t\n<div class=\"\n\t\t\tld-table-list ld-topic-list ld-no-pagination ld-expand-1017\" id=\"ld-expand-1017\">\n\n\t<div class=\"ld-table-list-header ld-primary-background\">\n\n\t\t\n\t\t<div class=\"ld-table-list-title\">\n\t\t\t<span class=\"ld-item-icon\">\n\t\t\t\t<span class=\"ld-icon ld-icon-content\"><\/span>\n\t\t\t<\/span>\n\t\t\t<span class=\"ld-text\">\n\t\t\t\tLektion Inhalt\t\t\t<\/span>\n\t\t<\/div> <!--\/.ld-tablet-list-title-->\n\t\t<div class=\"ld-table-list-lesson-details\">\n\t\t\t\n\t\t\t\t\t\t\t\t\t\t\t\t<span class=\"ld-lesson-list-progress\">\n\t\t\t\t\t0% Abgeschlossen\t\t\t\t\t<\/span>\n\t\t\t\t\t\t\t\t\t\t\t\t\t<span class=\"ld-lesson-list-steps\">\n\t\t\t\t\t0 \/ 1 Schritten\t\t\t\t\t<\/span>\n\t\t\t\t\t\t\t\n\t\t\t\n\t\t\t\n\t\t<\/div> <!--\/.ld-table-list-lesson-details-->\n\n\t\t\n\t<\/div> <!--\/.ld-table-list-header-->\n\n\t<div class=\"ld-table-list-items ld-topic-list-1017\" id=\"ld-topic-list-1017\" data-ld-expand-list>\n\n\t\t<div class=\"ld-table-list-item ld-table-list-item-1019 \" id=\"ld-table-list-item-1019\">\n\t<a class=\"ld-table-list-item-preview ld-primary-color-hover ld-topic-row learndash-incomplete \" href=\"https:\/\/gemac-academy.com\/de\/courses\/can-bus-tester-2-bootcamp\/lessons\/vorbereitungen-in-der-software\/topic\/vorbereitungen-in-der-software-3\/\">\n\t\t\n\t\t<div class=\"ld-status-icon ld-status-incomplete\" role=\"img\" aria-label=\"Not completed\"><\/div>\n\t\t\t\t<span class=\"ld-topic-title\">Vorbereitungen in der Software<\/span> \t<\/a>\n\t<\/div> <!--\/.ld-table-list-item-->\n\n\t<\/div> <!--\/.ld-table-list-items-->\n\n\t<div class=\"ld-table-list-footer\">\n\t\t\t<\/div> <!--\/.ld-table-list-footer-->\n\n<\/div> <!--\/.ld-table-list-->\n\n\t\t<\/div> <!--\/.ld-item-list-item-expanded-->\n\t<\/div> <!--\/.ld-item-list-item-->\n\t<div class=\"ld-pagination ld-pagination-page-course_content_shortcode\" data-pager-nonce=\"713eecd916\" data-pager-results=\"{&quot;paged&quot;:1,&quot;total_items&quot;:9,&quot;total_pages&quot;:3}\">\n\t\t\t\t\t\t<div class=\"ld-pages\">\n\t\t<a class=\"prev ld-primary-color-hover disabled\" \t\t\thref=\"\/de\/wp-json\/wp\/v2\/product\/653?ld-courseinfo-lesson-page=1\"\n\t\t data-context=\"course_content_shortcode\" data-paged=\"1\" data-course_id=\"539\"   class=\"disabled\"  disabled=&quot;disabled&quot;  title=\"Vorherige Seite\" aria-label=\"Vorherige Seite\">\n\t\t\t\t\t<span class=\"ld-icon-arrow-left ld-icon\"><\/span><\/a>\n\t\t\t\t<\/span>\n\t\t<span>\n\t\t1 von 3\t\t<\/span>\n\t\t\t<a class=\"next ld-primary-color-hover \" \t\t\t\thref=\"\/de\/wp-json\/wp\/v2\/product\/653?ld-courseinfo-lesson-page=2\"\n\t\t\t data-context=\"course_content_shortcode\" data-paged=\"2\" data-course_id=\"539\"   class=\"\"  title=\"N\u00e4chste Seite\" aria-label=\"N\u00e4chste Seite\">\n\t\t\t\t\t\t\t<span class=\"ld-icon-arrow-right ld-icon\"><\/span><\/a>\n\t\t\t\n\t\t<\/div>\n\t\t\t\t\t\t<\/div>\t<\/div> <!--\/.ld-item-list-items-->\n\n\t\t<\/div> <!--\/.ld-item-list-->\n\n\t\t\t<\/div> <!--\/.learndash-wrapper-->\n\t\t<\/div><\/div>\n","protected":false},"excerpt":{"rendered":"<p>Lernen Sie den Umgang mit dem CAN-Bus Tester 2 kennen. Wir gehen die n\u00f6tigen Schritte um Messen zu k\u00f6nnen, f\u00fchren alle Messungen durch und dokumentieren sie.<\/p>\n<p>&nbsp;<\/p>\n","protected":false},"featured_media":1499,"template":"","meta":{"_et_pb_use_builder":"off","_et_pb_old_content":"[course_content course_id=\"539\" num=\"4\"]\r\n\r\n\u00a0","_et_gb_content_width":"","wds_primary_product_brand":0,"wds_primary_product_cat":0},"product_brand":[],"product_cat":[55],"product_tag":[],"class_list":{"0":"post-653","1":"product","2":"type-product","3":"status-publish","4":"has-post-thumbnail","6":"product_cat-geraete-training","8":"first","9":"instock","10":"virtual","11":"sold-individually","12":"taxable","13":"purchasable","14":"product-type-course"},"_links":{"self":[{"href":"https:\/\/gemac-academy.com\/de\/wp-json\/wp\/v2\/product\/653","targetHints":{"allow":["GET"]}}],"collection":[{"href":"https:\/\/gemac-academy.com\/de\/wp-json\/wp\/v2\/product"}],"about":[{"href":"https:\/\/gemac-academy.com\/de\/wp-json\/wp\/v2\/types\/product"}],"wp:featuredmedia":[{"embeddable":true,"href":"https:\/\/gemac-academy.com\/de\/wp-json\/wp\/v2\/media\/1499"}],"wp:attachment":[{"href":"https:\/\/gemac-academy.com\/de\/wp-json\/wp\/v2\/media?parent=653"}],"wp:term":[{"taxonomy":"product_brand","embeddable":true,"href":"https:\/\/gemac-academy.com\/de\/wp-json\/wp\/v2\/product_brand?post=653"},{"taxonomy":"product_cat","embeddable":true,"href":"https:\/\/gemac-academy.com\/de\/wp-json\/wp\/v2\/product_cat?post=653"},{"taxonomy":"product_tag","embeddable":true,"href":"https:\/\/gemac-academy.com\/de\/wp-json\/wp\/v2\/product_tag?post=653"}],"curies":[{"name":"wp","href":"https:\/\/api.w.org\/{rel}","templated":true}]}}